{"id":15866,"date":"2021-06-30T12:17:56","date_gmt":"2022-03-04T13:53:07","guid":{"rendered":"https:\/\/wire-processor.eu\/oferta\/bzw-20-handheld-wire-tying-machine\/"},"modified":"2022-03-04T14:53:07","modified_gmt":"2022-03-04T13:53:07","slug":"handheld-wire-tying-machine-bzw-20","status":"publish","type":"product","link":"https:\/\/wire-processor.eu\/en\/oferta\/handheld-wire-tying-machine-bzw-20\/","title":{"rendered":"Bzw-20 Handheld Wire Tying Machine"},"content":{"rendered":"<p>BZW-20 is suitable for bundling the wiring harness of airplanes, trains, ships, cars, communication equipment, household appliances and other large electromechanical equipment etc. It is also applicable for packing and fastening other products, such as food packing.<\/p>\n","protected":false},"excerpt":{"rendered":"<p>BZW-20 is suitable for bundling the wiring harness of airplanes, trains, ships, cars, communication equipment, household appliances and other large electromechanical equipment etc. It is also applicable for packing and fastening other products, such as food packing.<\/p>\n","protected":false},"featured_media":15102,"template":"","meta":[],"product_brand":[],"product_cat":[150],"product_tag":[],"class_list":{"0":"post-15866","1":"product","2":"type-product","3":"status-publish","4":"has-post-thumbnail","6":"product_cat-coiling-binding-and-taping","8":"first","9":"instock","10":"shipping-taxable","11":"product-type-simple"},"yoast_head":"<!-- This site is optimized with the Yoast SEO plugin v26.3 - https:\/\/yoast.com\/wordpress\/plugins\/seo\/ -->\n<title>Bzw-20 Handheld Wire Tying Machine - Wire processor<\/title>\n<meta name=\"description\" content=\"Handheld Wire Tying Machine BZW-20 Check out our offer of cable machines.\" \/>\n<meta name=\"robots\" content=\"index, follow, max-snippet:-1, max-image-preview:large, max-video-preview:-1\" \/>\n<link rel=\"canonical\" href=\"https:\/\/wire-processor.eu\/en\/oferta\/bzw-20-handheld-wire-tying-machine\/\" \/>\n<meta property=\"og:locale\" content=\"en_US\" \/>\n<meta property=\"og:type\" content=\"article\" \/>\n<meta property=\"og:title\" content=\"Bzw-20 Handheld Wire Tying Machine - Wire processor\" \/>\n<meta property=\"og:description\" content=\"Handheld Wire Tying Machine BZW-20 Check out our offer of cable machines.\" \/>\n<meta property=\"og:url\" content=\"https:\/\/wire-processor.eu\/en\/oferta\/bzw-20-handheld-wire-tying-machine\/\" \/>\n<meta property=\"og:site_name\" content=\"Wire processor\" \/>\n<meta property=\"og:image\" content=\"https:\/\/wire-processor.eu\/wp-content\/uploads\/2021\/06\/Urz\u0105dzenie-do-nak\u0142adania-opasek-zaciskowych-na-przewody-BZW-20.jpg\" \/>\n\t<meta property=\"og:image:width\" content=\"800\" \/>\n\t<meta property=\"og:image:height\" content=\"800\" \/>\n\t<meta property=\"og:image:type\" content=\"image\/jpeg\" \/>\n<meta name=\"twitter:card\" content=\"summary_large_image\" \/>\n<script type=\"application\/ld+json\" class=\"yoast-schema-graph\">{\"@context\":\"https:\/\/schema.org\",\"@graph\":[{\"@type\":\"WebPage\",\"@id\":\"https:\/\/wire-processor.eu\/en\/oferta\/bzw-20-handheld-wire-tying-machine\/\",\"url\":\"https:\/\/wire-processor.eu\/en\/oferta\/bzw-20-handheld-wire-tying-machine\/\",\"name\":\"Bzw-20 Handheld Wire Tying Machine - Wire processor\",\"isPartOf\":{\"@id\":\"https:\/\/wire-processor.eu\/en\/#website\"},\"primaryImageOfPage\":{\"@id\":\"https:\/\/wire-processor.eu\/en\/oferta\/bzw-20-handheld-wire-tying-machine\/#primaryimage\"},\"image\":{\"@id\":\"https:\/\/wire-processor.eu\/en\/oferta\/bzw-20-handheld-wire-tying-machine\/#primaryimage\"},\"thumbnailUrl\":\"https:\/\/wire-processor.eu\/wp-content\/uploads\/2021\/06\/Urz\u0105dzenie-do-nak\u0142adania-opasek-zaciskowych-na-przewody-BZW-20.jpg\",\"datePublished\":\"2022-03-04T13:53:07+00:00\",\"description\":\"Handheld Wire Tying Machine BZW-20 Check out our offer of cable machines.\",\"breadcrumb\":{\"@id\":\"https:\/\/wire-processor.eu\/en\/oferta\/bzw-20-handheld-wire-tying-machine\/#breadcrumb\"},\"inLanguage\":\"en-US\",\"potentialAction\":[{\"@type\":\"ReadAction\",\"target\":[\"https:\/\/wire-processor.eu\/en\/oferta\/bzw-20-handheld-wire-tying-machine\/\"]}]},{\"@type\":\"ImageObject\",\"inLanguage\":\"en-US\",\"@id\":\"https:\/\/wire-processor.eu\/en\/oferta\/bzw-20-handheld-wire-tying-machine\/#primaryimage\",\"url\":\"https:\/\/wire-processor.eu\/wp-content\/uploads\/2021\/06\/Urz\u0105dzenie-do-nak\u0142adania-opasek-zaciskowych-na-przewody-BZW-20.jpg\",\"contentUrl\":\"https:\/\/wire-processor.eu\/wp-content\/uploads\/2021\/06\/Urz\u0105dzenie-do-nak\u0142adania-opasek-zaciskowych-na-przewody-BZW-20.jpg\",\"width\":800,\"height\":800,\"caption\":\"Urz\u0105dzenie do nak\u0142adania opasek zaciskowych na przewody - BZW-20\"},{\"@type\":\"BreadcrumbList\",\"@id\":\"https:\/\/wire-processor.eu\/en\/oferta\/bzw-20-handheld-wire-tying-machine\/#breadcrumb\",\"itemListElement\":[{\"@type\":\"ListItem\",\"position\":1,\"name\":\"Strona g\u0142\u00f3wna\",\"item\":\"https:\/\/wire-processor.eu\/en\/\"},{\"@type\":\"ListItem\",\"position\":2,\"name\":\"Offer\",\"item\":\"https:\/\/wire-processor.eu\/en\/offer\/\"},{\"@type\":\"ListItem\",\"position\":3,\"name\":\"Bzw-20 Handheld Wire Tying Machine\"}]},{\"@type\":\"WebSite\",\"@id\":\"https:\/\/wire-processor.eu\/en\/#website\",\"url\":\"https:\/\/wire-processor.eu\/en\/\",\"name\":\"Wire processor\",\"description\":\"Maszyny do obr\u00f3bki przewod\u00f3w\",\"publisher\":{\"@id\":\"https:\/\/wire-processor.eu\/en\/#organization\"},\"potentialAction\":[{\"@type\":\"SearchAction\",\"target\":{\"@type\":\"EntryPoint\",\"urlTemplate\":\"https:\/\/wire-processor.eu\/en\/?s={search_term_string}\"},\"query-input\":{\"@type\":\"PropertyValueSpecification\",\"valueRequired\":true,\"valueName\":\"search_term_string\"}}],\"inLanguage\":\"en-US\"},{\"@type\":\"Organization\",\"@id\":\"https:\/\/wire-processor.eu\/en\/#organization\",\"name\":\"Wire processor - maszyny do przewod\u00f3w\",\"url\":\"https:\/\/wire-processor.eu\/en\/\",\"logo\":{\"@type\":\"ImageObject\",\"inLanguage\":\"en-US\",\"@id\":\"https:\/\/wire-processor.eu\/en\/#\/schema\/logo\/image\/\",\"url\":\"https:\/\/wire-processor.eu\/wp-content\/uploads\/2018\/04\/Bozwang-_logo_producent1.png\",\"contentUrl\":\"https:\/\/wire-processor.eu\/wp-content\/uploads\/2018\/04\/Bozwang-_logo_producent1.png\",\"width\":250,\"height\":33,\"caption\":\"Wire processor - maszyny do przewod\u00f3w\"},\"image\":{\"@id\":\"https:\/\/wire-processor.eu\/en\/#\/schema\/logo\/image\/\"}}]}<\/script>\n<!-- \/ Yoast SEO plugin. -->","yoast_head_json":{"title":"Bzw-20 Handheld Wire Tying Machine - Wire processor","description":"Handheld Wire Tying Machine BZW-20 Check out our offer of cable machines.","robots":{"index":"index","follow":"follow","max-snippet":"max-snippet:-1","max-image-preview":"max-image-preview:large","max-video-preview":"max-video-preview:-1"},"canonical":"https:\/\/wire-processor.eu\/en\/oferta\/bzw-20-handheld-wire-tying-machine\/","og_locale":"en_US","og_type":"article","og_title":"Bzw-20 Handheld Wire Tying Machine - Wire processor","og_description":"Handheld Wire Tying Machine BZW-20 Check out our offer of cable machines.","og_url":"https:\/\/wire-processor.eu\/en\/oferta\/bzw-20-handheld-wire-tying-machine\/","og_site_name":"Wire processor","og_image":[{"width":800,"height":800,"url":"https:\/\/wire-processor.eu\/wp-content\/uploads\/2021\/06\/Urz\u0105dzenie-do-nak\u0142adania-opasek-zaciskowych-na-przewody-BZW-20.jpg","type":"image\/jpeg"}],"twitter_card":"summary_large_image","schema":{"@context":"https:\/\/schema.org","@graph":[{"@type":"WebPage","@id":"https:\/\/wire-processor.eu\/en\/oferta\/bzw-20-handheld-wire-tying-machine\/","url":"https:\/\/wire-processor.eu\/en\/oferta\/bzw-20-handheld-wire-tying-machine\/","name":"Bzw-20 Handheld Wire Tying Machine - Wire processor","isPartOf":{"@id":"https:\/\/wire-processor.eu\/en\/#website"},"primaryImageOfPage":{"@id":"https:\/\/wire-processor.eu\/en\/oferta\/bzw-20-handheld-wire-tying-machine\/#primaryimage"},"image":{"@id":"https:\/\/wire-processor.eu\/en\/oferta\/bzw-20-handheld-wire-tying-machine\/#primaryimage"},"thumbnailUrl":"https:\/\/wire-processor.eu\/wp-content\/uploads\/2021\/06\/Urz\u0105dzenie-do-nak\u0142adania-opasek-zaciskowych-na-przewody-BZW-20.jpg","datePublished":"2022-03-04T13:53:07+00:00","description":"Handheld Wire Tying Machine BZW-20 Check out our offer of cable machines.","breadcrumb":{"@id":"https:\/\/wire-processor.eu\/en\/oferta\/bzw-20-handheld-wire-tying-machine\/#breadcrumb"},"inLanguage":"en-US","potentialAction":[{"@type":"ReadAction","target":["https:\/\/wire-processor.eu\/en\/oferta\/bzw-20-handheld-wire-tying-machine\/"]}]},{"@type":"ImageObject","inLanguage":"en-US","@id":"https:\/\/wire-processor.eu\/en\/oferta\/bzw-20-handheld-wire-tying-machine\/#primaryimage","url":"https:\/\/wire-processor.eu\/wp-content\/uploads\/2021\/06\/Urz\u0105dzenie-do-nak\u0142adania-opasek-zaciskowych-na-przewody-BZW-20.jpg","contentUrl":"https:\/\/wire-processor.eu\/wp-content\/uploads\/2021\/06\/Urz\u0105dzenie-do-nak\u0142adania-opasek-zaciskowych-na-przewody-BZW-20.jpg","width":800,"height":800,"caption":"Urz\u0105dzenie do nak\u0142adania opasek zaciskowych na przewody - BZW-20"},{"@type":"BreadcrumbList","@id":"https:\/\/wire-processor.eu\/en\/oferta\/bzw-20-handheld-wire-tying-machine\/#breadcrumb","itemListElement":[{"@type":"ListItem","position":1,"name":"Strona g\u0142\u00f3wna","item":"https:\/\/wire-processor.eu\/en\/"},{"@type":"ListItem","position":2,"name":"Offer","item":"https:\/\/wire-processor.eu\/en\/offer\/"},{"@type":"ListItem","position":3,"name":"Bzw-20 Handheld Wire Tying Machine"}]},{"@type":"WebSite","@id":"https:\/\/wire-processor.eu\/en\/#website","url":"https:\/\/wire-processor.eu\/en\/","name":"Wire processor","description":"Maszyny do obr\u00f3bki przewod\u00f3w","publisher":{"@id":"https:\/\/wire-processor.eu\/en\/#organization"},"potentialAction":[{"@type":"SearchAction","target":{"@type":"EntryPoint","urlTemplate":"https:\/\/wire-processor.eu\/en\/?s={search_term_string}"},"query-input":{"@type":"PropertyValueSpecification","valueRequired":true,"valueName":"search_term_string"}}],"inLanguage":"en-US"},{"@type":"Organization","@id":"https:\/\/wire-processor.eu\/en\/#organization","name":"Wire processor - maszyny do przewod\u00f3w","url":"https:\/\/wire-processor.eu\/en\/","logo":{"@type":"ImageObject","inLanguage":"en-US","@id":"https:\/\/wire-processor.eu\/en\/#\/schema\/logo\/image\/","url":"https:\/\/wire-processor.eu\/wp-content\/uploads\/2018\/04\/Bozwang-_logo_producent1.png","contentUrl":"https:\/\/wire-processor.eu\/wp-content\/uploads\/2018\/04\/Bozwang-_logo_producent1.png","width":250,"height":33,"caption":"Wire processor - maszyny do przewod\u00f3w"},"image":{"@id":"https:\/\/wire-processor.eu\/en\/#\/schema\/logo\/image\/"}}]}},"_links":{"self":[{"href":"https:\/\/wire-processor.eu\/en\/wp-json\/wp\/v2\/product\/15866","targetHints":{"allow":["GET"]}}],"collection":[{"href":"https:\/\/wire-processor.eu\/en\/wp-json\/wp\/v2\/product"}],"about":[{"href":"https:\/\/wire-processor.eu\/en\/wp-json\/wp\/v2\/types\/product"}],"wp:featuredmedia":[{"embeddable":true,"href":"https:\/\/wire-processor.eu\/en\/wp-json\/wp\/v2\/media\/15102"}],"wp:attachment":[{"href":"https:\/\/wire-processor.eu\/en\/wp-json\/wp\/v2\/media?parent=15866"}],"wp:term":[{"taxonomy":"product_brand","embeddable":true,"href":"https:\/\/wire-processor.eu\/en\/wp-json\/wp\/v2\/product_brand?post=15866"},{"taxonomy":"product_cat","embeddable":true,"href":"https:\/\/wire-processor.eu\/en\/wp-json\/wp\/v2\/product_cat?post=15866"},{"taxonomy":"product_tag","embeddable":true,"href":"https:\/\/wire-processor.eu\/en\/wp-json\/wp\/v2\/product_tag?post=15866"}],"curies":[{"name":"wp","href":"https:\/\/api.w.org\/{rel}","templated":true}]}}