{"id":17378,"date":"2025-08-24T21:05:06","date_gmt":"2025-08-24T19:05:06","guid":{"rendered":"https:\/\/wire-processor.eu\/?post_type=product&#038;p=17378"},"modified":"2025-08-24T21:20:23","modified_gmt":"2025-08-24T19:20:23","slug":"bzw-f4z-semi-automatic-stripping-and-crimping-machine-for-tubular-ferrule-terminal","status":"publish","type":"product","link":"https:\/\/wire-processor.eu\/en\/oferta\/bzw-f4z-semi-automatic-stripping-and-crimping-machine-for-tubular-ferrule-terminal\/","title":{"rendered":"BZW-F4Z Semi-automatic stripping and crimping machine for tubular ferrule terminal"},"content":{"rendered":"<p>The BZW-F4Z machine is a modern semi-automatic device designed for fast and precise wire processing. In a single cycle, the device can strip insulation, twist wires, insert a ferrule, and crimp it, which significantly increases production efficiency and reduces the risk of assembly errors.<\/p>\n<p>Thanks to the touch control panel, the operator can easily set working parameters such as stripping length and depth. The machine uses high-quality imported pneumatic components, ensuring stable performance and long service life.<\/p>\n<p>Key features:<\/p>\n<ul>\n<li>Wire twisting function \u2013 prevents reverse strand arrangement and improves connection quality.<\/li>\n<li>No need to replace the vibrating plate \u2013 increased work efficiency.<\/li>\n<li>Easy replacement of the wire insertion tool.<\/li>\n<li>Touchscreen with parameter settings (insulation stripping length and depth).<\/li>\n<li>High-grade pneumatic components ensuring stable operation.<\/li>\n<li>Multifunctional processing in a single cycle: stripping, twisting, ferrule insertion, and crimping \u2013 maximum time savings.<\/li>\n<\/ul>\n","protected":false},"excerpt":{"rendered":"<p>The BZW-F4+Z machine is a modern semi-automatic device designed for fast and precise wire processing. In a single cycle, the device can strip insulation, twist wires, insert a ferrule, and crimp it, which significantly increases production efficiency and reduces the risk of assembly errors.<\/p>\n<p><img decoding=\"async\" class=\"alignnone size-full wp-image-17387\" src=\"https:\/\/wire-processor.eu\/wp-content\/uploads\/2025\/08\/Zrzut-ekranu-2025-08-24-o-21.12.04.png\" alt=\"\" width=\"931\" height=\"236\" srcset=\"https:\/\/wire-processor.eu\/wp-content\/uploads\/2025\/08\/Zrzut-ekranu-2025-08-24-o-21.12.04-200x51.png 200w, https:\/\/wire-processor.eu\/wp-content\/uploads\/2025\/08\/Zrzut-ekranu-2025-08-24-o-21.12.04-300x76.png 300w, https:\/\/wire-processor.eu\/wp-content\/uploads\/2025\/08\/Zrzut-ekranu-2025-08-24-o-21.12.04-400x101.png 400w, https:\/\/wire-processor.eu\/wp-content\/uploads\/2025\/08\/Zrzut-ekranu-2025-08-24-o-21.12.04-600x152.png 600w, https:\/\/wire-processor.eu\/wp-content\/uploads\/2025\/08\/Zrzut-ekranu-2025-08-24-o-21.12.04-768x195.png 768w, https:\/\/wire-processor.eu\/wp-content\/uploads\/2025\/08\/Zrzut-ekranu-2025-08-24-o-21.12.04-800x203.png 800w, https:\/\/wire-processor.eu\/wp-content\/uploads\/2025\/08\/Zrzut-ekranu-2025-08-24-o-21.12.04.png 931w\" sizes=\"(max-width: 931px) 100vw, 931px\" \/><\/p>\n","protected":false},"featured_media":16831,"template":"","meta":[],"product_brand":[],"product_cat":[136],"product_tag":[],"class_list":{"0":"post-17378","1":"product","2":"type-product","3":"status-publish","4":"has-post-thumbnail","6":"product_cat-semi-automatic-crimping-machines","8":"first","9":"instock","10":"shipping-taxable","11":"product-type-simple"},"yoast_head":"<!-- This site is optimized with the Yoast SEO plugin v26.3 - https:\/\/yoast.com\/wordpress\/plugins\/seo\/ -->\n<title>BZW-F4Z Semi-automatic stripping and crimping machine for tubular ferrule terminal - Wire processor<\/title>\n<meta name=\"description\" content=\"BZW-F4+Z Semi-automatic stripping and crimping machine for tubular ferrule terminal\" \/>\n<meta name=\"robots\" content=\"index, follow, max-snippet:-1, max-image-preview:large, max-video-preview:-1\" \/>\n<link rel=\"canonical\" href=\"https:\/\/wire-processor.eu\/en\/oferta\/bzw-f4z-semi-automatic-stripping-and-crimping-machine-for-tubular-ferrule-terminal\/\" \/>\n<meta property=\"og:locale\" content=\"en_US\" \/>\n<meta property=\"og:type\" content=\"article\" \/>\n<meta property=\"og:title\" content=\"BZW-F4Z Semi-automatic stripping and crimping machine for tubular ferrule terminal - Wire processor\" \/>\n<meta property=\"og:description\" content=\"BZW-F4+Z Semi-automatic stripping and crimping machine for tubular ferrule terminal\" \/>\n<meta property=\"og:url\" content=\"https:\/\/wire-processor.eu\/en\/oferta\/bzw-f4z-semi-automatic-stripping-and-crimping-machine-for-tubular-ferrule-terminal\/\" \/>\n<meta property=\"og:site_name\" content=\"Wire processor\" \/>\n<meta property=\"article:modified_time\" content=\"2025-08-24T19:20:23+00:00\" \/>\n<meta property=\"og:image\" content=\"https:\/\/wire-processor.eu\/wp-content\/uploads\/2024\/02\/BZW-F4G.jpg\" \/>\n\t<meta property=\"og:image:width\" content=\"800\" \/>\n\t<meta property=\"og:image:height\" content=\"800\" \/>\n\t<meta property=\"og:image:type\" content=\"image\/jpeg\" \/>\n<meta name=\"twitter:card\" content=\"summary_large_image\" \/>\n<meta name=\"twitter:label1\" content=\"Est. reading time\" \/>\n\t<meta name=\"twitter:data1\" content=\"1 minute\" \/>\n<script type=\"application\/ld+json\" class=\"yoast-schema-graph\">{\"@context\":\"https:\/\/schema.org\",\"@graph\":[{\"@type\":\"WebPage\",\"@id\":\"https:\/\/wire-processor.eu\/en\/oferta\/bzw-f4z-semi-automatic-stripping-and-crimping-machine-for-tubular-ferrule-terminal\/\",\"url\":\"https:\/\/wire-processor.eu\/en\/oferta\/bzw-f4z-semi-automatic-stripping-and-crimping-machine-for-tubular-ferrule-terminal\/\",\"name\":\"BZW-F4Z Semi-automatic stripping and crimping machine for tubular ferrule terminal - Wire processor\",\"isPartOf\":{\"@id\":\"https:\/\/wire-processor.eu\/en\/#website\"},\"primaryImageOfPage\":{\"@id\":\"https:\/\/wire-processor.eu\/en\/oferta\/bzw-f4z-semi-automatic-stripping-and-crimping-machine-for-tubular-ferrule-terminal\/#primaryimage\"},\"image\":{\"@id\":\"https:\/\/wire-processor.eu\/en\/oferta\/bzw-f4z-semi-automatic-stripping-and-crimping-machine-for-tubular-ferrule-terminal\/#primaryimage\"},\"thumbnailUrl\":\"https:\/\/wire-processor.eu\/wp-content\/uploads\/2024\/02\/BZW-F4G.jpg\",\"datePublished\":\"2025-08-24T19:05:06+00:00\",\"dateModified\":\"2025-08-24T19:20:23+00:00\",\"description\":\"BZW-F4+Z Semi-automatic stripping and crimping machine for tubular ferrule terminal\",\"breadcrumb\":{\"@id\":\"https:\/\/wire-processor.eu\/en\/oferta\/bzw-f4z-semi-automatic-stripping-and-crimping-machine-for-tubular-ferrule-terminal\/#breadcrumb\"},\"inLanguage\":\"en-US\",\"potentialAction\":[{\"@type\":\"ReadAction\",\"target\":[\"https:\/\/wire-processor.eu\/en\/oferta\/bzw-f4z-semi-automatic-stripping-and-crimping-machine-for-tubular-ferrule-terminal\/\"]}]},{\"@type\":\"ImageObject\",\"inLanguage\":\"en-US\",\"@id\":\"https:\/\/wire-processor.eu\/en\/oferta\/bzw-f4z-semi-automatic-stripping-and-crimping-machine-for-tubular-ferrule-terminal\/#primaryimage\",\"url\":\"https:\/\/wire-processor.eu\/wp-content\/uploads\/2024\/02\/BZW-F4G.jpg\",\"contentUrl\":\"https:\/\/wire-processor.eu\/wp-content\/uploads\/2024\/02\/BZW-F4G.jpg\",\"width\":800,\"height\":800,\"caption\":\"BZW-F4+G to p\u00f3\u0142automatyczna maszyna do zaciskania ko\u0144c\u00f3wek kablowych Harting\"},{\"@type\":\"BreadcrumbList\",\"@id\":\"https:\/\/wire-processor.eu\/en\/oferta\/bzw-f4z-semi-automatic-stripping-and-crimping-machine-for-tubular-ferrule-terminal\/#breadcrumb\",\"itemListElement\":[{\"@type\":\"ListItem\",\"position\":1,\"name\":\"Strona g\u0142\u00f3wna\",\"item\":\"https:\/\/wire-processor.eu\/en\/\"},{\"@type\":\"ListItem\",\"position\":2,\"name\":\"Offer\",\"item\":\"https:\/\/wire-processor.eu\/en\/offer\/\"},{\"@type\":\"ListItem\",\"position\":3,\"name\":\"BZW-F4Z Semi-automatic stripping and crimping machine for tubular ferrule terminal\"}]},{\"@type\":\"WebSite\",\"@id\":\"https:\/\/wire-processor.eu\/en\/#website\",\"url\":\"https:\/\/wire-processor.eu\/en\/\",\"name\":\"Wire processor\",\"description\":\"Maszyny do obr\u00f3bki przewod\u00f3w\",\"publisher\":{\"@id\":\"https:\/\/wire-processor.eu\/en\/#organization\"},\"potentialAction\":[{\"@type\":\"SearchAction\",\"target\":{\"@type\":\"EntryPoint\",\"urlTemplate\":\"https:\/\/wire-processor.eu\/en\/?s={search_term_string}\"},\"query-input\":{\"@type\":\"PropertyValueSpecification\",\"valueRequired\":true,\"valueName\":\"search_term_string\"}}],\"inLanguage\":\"en-US\"},{\"@type\":\"Organization\",\"@id\":\"https:\/\/wire-processor.eu\/en\/#organization\",\"name\":\"Wire processor - maszyny do przewod\u00f3w\",\"url\":\"https:\/\/wire-processor.eu\/en\/\",\"logo\":{\"@type\":\"ImageObject\",\"inLanguage\":\"en-US\",\"@id\":\"https:\/\/wire-processor.eu\/en\/#\/schema\/logo\/image\/\",\"url\":\"https:\/\/wire-processor.eu\/wp-content\/uploads\/2018\/04\/Bozwang-_logo_producent1.png\",\"contentUrl\":\"https:\/\/wire-processor.eu\/wp-content\/uploads\/2018\/04\/Bozwang-_logo_producent1.png\",\"width\":250,\"height\":33,\"caption\":\"Wire processor - maszyny do przewod\u00f3w\"},\"image\":{\"@id\":\"https:\/\/wire-processor.eu\/en\/#\/schema\/logo\/image\/\"}}]}<\/script>\n<!-- \/ Yoast SEO plugin. -->","yoast_head_json":{"title":"BZW-F4Z Semi-automatic stripping and crimping machine for tubular ferrule terminal - Wire processor","description":"BZW-F4+Z Semi-automatic stripping and crimping machine for tubular ferrule terminal","robots":{"index":"index","follow":"follow","max-snippet":"max-snippet:-1","max-image-preview":"max-image-preview:large","max-video-preview":"max-video-preview:-1"},"canonical":"https:\/\/wire-processor.eu\/en\/oferta\/bzw-f4z-semi-automatic-stripping-and-crimping-machine-for-tubular-ferrule-terminal\/","og_locale":"en_US","og_type":"article","og_title":"BZW-F4Z Semi-automatic stripping and crimping machine for tubular ferrule terminal - Wire processor","og_description":"BZW-F4+Z Semi-automatic stripping and crimping machine for tubular ferrule terminal","og_url":"https:\/\/wire-processor.eu\/en\/oferta\/bzw-f4z-semi-automatic-stripping-and-crimping-machine-for-tubular-ferrule-terminal\/","og_site_name":"Wire processor","article_modified_time":"2025-08-24T19:20:23+00:00","og_image":[{"width":800,"height":800,"url":"https:\/\/wire-processor.eu\/wp-content\/uploads\/2024\/02\/BZW-F4G.jpg","type":"image\/jpeg"}],"twitter_card":"summary_large_image","twitter_misc":{"Est. reading time":"1 minute"},"schema":{"@context":"https:\/\/schema.org","@graph":[{"@type":"WebPage","@id":"https:\/\/wire-processor.eu\/en\/oferta\/bzw-f4z-semi-automatic-stripping-and-crimping-machine-for-tubular-ferrule-terminal\/","url":"https:\/\/wire-processor.eu\/en\/oferta\/bzw-f4z-semi-automatic-stripping-and-crimping-machine-for-tubular-ferrule-terminal\/","name":"BZW-F4Z Semi-automatic stripping and crimping machine for tubular ferrule terminal - Wire processor","isPartOf":{"@id":"https:\/\/wire-processor.eu\/en\/#website"},"primaryImageOfPage":{"@id":"https:\/\/wire-processor.eu\/en\/oferta\/bzw-f4z-semi-automatic-stripping-and-crimping-machine-for-tubular-ferrule-terminal\/#primaryimage"},"image":{"@id":"https:\/\/wire-processor.eu\/en\/oferta\/bzw-f4z-semi-automatic-stripping-and-crimping-machine-for-tubular-ferrule-terminal\/#primaryimage"},"thumbnailUrl":"https:\/\/wire-processor.eu\/wp-content\/uploads\/2024\/02\/BZW-F4G.jpg","datePublished":"2025-08-24T19:05:06+00:00","dateModified":"2025-08-24T19:20:23+00:00","description":"BZW-F4+Z Semi-automatic stripping and crimping machine for tubular ferrule terminal","breadcrumb":{"@id":"https:\/\/wire-processor.eu\/en\/oferta\/bzw-f4z-semi-automatic-stripping-and-crimping-machine-for-tubular-ferrule-terminal\/#breadcrumb"},"inLanguage":"en-US","potentialAction":[{"@type":"ReadAction","target":["https:\/\/wire-processor.eu\/en\/oferta\/bzw-f4z-semi-automatic-stripping-and-crimping-machine-for-tubular-ferrule-terminal\/"]}]},{"@type":"ImageObject","inLanguage":"en-US","@id":"https:\/\/wire-processor.eu\/en\/oferta\/bzw-f4z-semi-automatic-stripping-and-crimping-machine-for-tubular-ferrule-terminal\/#primaryimage","url":"https:\/\/wire-processor.eu\/wp-content\/uploads\/2024\/02\/BZW-F4G.jpg","contentUrl":"https:\/\/wire-processor.eu\/wp-content\/uploads\/2024\/02\/BZW-F4G.jpg","width":800,"height":800,"caption":"BZW-F4+G to p\u00f3\u0142automatyczna maszyna do zaciskania ko\u0144c\u00f3wek kablowych Harting"},{"@type":"BreadcrumbList","@id":"https:\/\/wire-processor.eu\/en\/oferta\/bzw-f4z-semi-automatic-stripping-and-crimping-machine-for-tubular-ferrule-terminal\/#breadcrumb","itemListElement":[{"@type":"ListItem","position":1,"name":"Strona g\u0142\u00f3wna","item":"https:\/\/wire-processor.eu\/en\/"},{"@type":"ListItem","position":2,"name":"Offer","item":"https:\/\/wire-processor.eu\/en\/offer\/"},{"@type":"ListItem","position":3,"name":"BZW-F4Z Semi-automatic stripping and crimping machine for tubular ferrule terminal"}]},{"@type":"WebSite","@id":"https:\/\/wire-processor.eu\/en\/#website","url":"https:\/\/wire-processor.eu\/en\/","name":"Wire processor","description":"Maszyny do obr\u00f3bki przewod\u00f3w","publisher":{"@id":"https:\/\/wire-processor.eu\/en\/#organization"},"potentialAction":[{"@type":"SearchAction","target":{"@type":"EntryPoint","urlTemplate":"https:\/\/wire-processor.eu\/en\/?s={search_term_string}"},"query-input":{"@type":"PropertyValueSpecification","valueRequired":true,"valueName":"search_term_string"}}],"inLanguage":"en-US"},{"@type":"Organization","@id":"https:\/\/wire-processor.eu\/en\/#organization","name":"Wire processor - maszyny do przewod\u00f3w","url":"https:\/\/wire-processor.eu\/en\/","logo":{"@type":"ImageObject","inLanguage":"en-US","@id":"https:\/\/wire-processor.eu\/en\/#\/schema\/logo\/image\/","url":"https:\/\/wire-processor.eu\/wp-content\/uploads\/2018\/04\/Bozwang-_logo_producent1.png","contentUrl":"https:\/\/wire-processor.eu\/wp-content\/uploads\/2018\/04\/Bozwang-_logo_producent1.png","width":250,"height":33,"caption":"Wire processor - maszyny do przewod\u00f3w"},"image":{"@id":"https:\/\/wire-processor.eu\/en\/#\/schema\/logo\/image\/"}}]}},"_links":{"self":[{"href":"https:\/\/wire-processor.eu\/en\/wp-json\/wp\/v2\/product\/17378","targetHints":{"allow":["GET"]}}],"collection":[{"href":"https:\/\/wire-processor.eu\/en\/wp-json\/wp\/v2\/product"}],"about":[{"href":"https:\/\/wire-processor.eu\/en\/wp-json\/wp\/v2\/types\/product"}],"wp:featuredmedia":[{"embeddable":true,"href":"https:\/\/wire-processor.eu\/en\/wp-json\/wp\/v2\/media\/16831"}],"wp:attachment":[{"href":"https:\/\/wire-processor.eu\/en\/wp-json\/wp\/v2\/media?parent=17378"}],"wp:term":[{"taxonomy":"product_brand","embeddable":true,"href":"https:\/\/wire-processor.eu\/en\/wp-json\/wp\/v2\/product_brand?post=17378"},{"taxonomy":"product_cat","embeddable":true,"href":"https:\/\/wire-processor.eu\/en\/wp-json\/wp\/v2\/product_cat?post=17378"},{"taxonomy":"product_tag","embeddable":true,"href":"https:\/\/wire-processor.eu\/en\/wp-json\/wp\/v2\/product_tag?post=17378"}],"curies":[{"name":"wp","href":"https:\/\/api.w.org\/{rel}","templated":true}]}}