{"id":15260,"date":"2020-12-29T21:09:53","date_gmt":"2020-12-29T20:09:53","guid":{"rendered":"https:\/\/wire-processor.eu\/oferta\/bzw-882dj-servo-wire-cutting-and-stripping-machine-its-prv380p-w-wire-printer\/"},"modified":"2021-10-30T22:31:56","modified_gmt":"2021-10-30T20:31:56","slug":"bzw-882dj-servo-wire-cutting-and-stripping-machine-its-prv380p-w-wire-printer","status":"publish","type":"product","link":"https:\/\/wire-processor.eu\/nl\/Aanbod1\/bzw-882dj-servo-wire-cutting-and-stripping-machine-its-prv380p-w-wire-printer\/","title":{"rendered":"Automatische draadknip- en stripmachine BZW-882DJ + printer voor draden ITS-PRV380P-W"},"content":{"rendered":"<p>BZW-882DJ Servo wire cutting and stripping machine + ITS-PRV380P-W wire printer<\/p>\n<p><strong>BZW-882DJ Servo wire cutting and stripping machine<\/strong><\/p>\n<p>BZW-882DJ is a device designed to cut and strip wires with a gauge from 0.1 to 6 mm\u00b2 covered with PVC, PE, Telfon, Silicones and other types of plastic. The device can cut wires in a range from 1 to 99999 mm with a precision of \u00b1(0.2%*L+1) mm. It is possible to set up to 13 strips for one cut section. The device has 4 drive wheels. Cable feed speed up to 2m\/s (about 7.2 km\/h).<\/p>\n<p>Technical data:<\/p>\n<ul>\n<li>power supply 230V AC,<\/li>\n<li>weight 32kg,<\/li>\n<li>dimensions 420\u00d7340\u00d7280mm,<\/li>\n<li>0.2 kW motor power.<\/li>\n<\/ul>\n<p><strong>ITS-PRV380P-W Wire printer<\/strong><\/p>\n<p>ITS-PRV380P-W Cable printer has a modern and ergonomic design. Ease of operation is ensured by a user-friendly interface and touch control with the large 8-inch color display. The thermal sensor in the print head prevents the printer from blocking and the ink in the tanks is mixed continuously. Ink cartridges are equipped with chips, which keep users informed about the status of the device.<\/p>\n<p>Height of the printed inscription (font) from 1.5 to 20 mm. Print resolution (max. point print matrix):<\/p>\n<ul>\n<li>single line: 5\u00d75; 5x 7; 8\u00d712; 11\u00d716; 17\u00d724; 24x 24; 32\u00d732,<\/li>\n<li>two lines: 5\u00d75; 5x 7; 8\u00d712; 12\u00d712,<\/li>\n<li>three lines: 5\u00d75; 5\u00d77; 8\u00d78,<\/li>\n<li>four lines: 5\u00d75; 5\u00d77.<\/li>\n<\/ul>\n<p>Technical data:<\/p>\n<ul>\n<li>power supply 230V AC,<\/li>\n<li>compressed air supply required,<\/li>\n<li>weight 30 kg,<\/li>\n<li>dimensions 581 x 397 x 245 mm.<\/li>\n<\/ul>\n","protected":false},"excerpt":{"rendered":"<p>The presented set allows for cutting, striping and marking of wires. Set consisting of:<\/p>\n<ul>\n<li>BZW-882DJ automatic wire cutting and stripping machine,<\/li>\n<li>ITS-PRV380P-W cable printers.<\/li>\n<\/ul>\n","protected":false},"featured_media":15261,"template":"","meta":[],"product_brand":[],"product_cat":[889],"product_tag":[936,933,934,937,932,935],"class_list":{"0":"post-15260","1":"product","2":"type-product","3":"status-publish","4":"has-post-thumbnail","6":"product_cat-automatische-draadverwerkingsmachines","7":"product_tag-ciecie-przewodow-nl","8":"product_tag-drukarka-do-przewodow-nl","9":"product_tag-drukowanie-na-przewodach-nl","10":"product_tag-maszyny-do-obrobki-przewodow-nl","11":"product_tag-maszyny-do-przewodow-nl","12":"product_tag-skorowanie-przewodow-nl","14":"first","15":"instock","16":"shipping-taxable","17":"product-type-simple"},"yoast_head":"<!-- This site is optimized with the Yoast SEO plugin v26.3 - https:\/\/yoast.com\/wordpress\/plugins\/seo\/ -->\n<title>Automatische draadknip- en stripmachine BZW-882DJ + printer voor draden ITS-PRV380P-W - Wire processor<\/title>\n<meta name=\"description\" content=\"Automatische draadknip- en stripmachine BZW-882DJ + printer voor draden ITS-PRV380P-W.\" \/>\n<meta name=\"robots\" content=\"index, follow, max-snippet:-1, max-image-preview:large, max-video-preview:-1\" \/>\n<link rel=\"canonical\" href=\"https:\/\/wire-processor.eu\/nl\/Aanbod1\/bzw-882dj-servo-wire-cutting-and-stripping-machine-its-prv380p-w-wire-printer\/\" \/>\n<meta property=\"og:locale\" content=\"nl_NL\" \/>\n<meta property=\"og:type\" content=\"article\" \/>\n<meta property=\"og:title\" content=\"Automatische draadknip- en stripmachine BZW-882DJ + printer voor draden ITS-PRV380P-W - Wire processor\" \/>\n<meta property=\"og:description\" content=\"Automatische draadknip- en stripmachine BZW-882DJ + printer voor draden ITS-PRV380P-W.\" \/>\n<meta property=\"og:url\" content=\"https:\/\/wire-processor.eu\/nl\/Aanbod1\/bzw-882dj-servo-wire-cutting-and-stripping-machine-its-prv380p-w-wire-printer\/\" \/>\n<meta property=\"og:site_name\" content=\"Wire processor\" \/>\n<meta property=\"article:modified_time\" content=\"2021-10-30T20:31:56+00:00\" \/>\n<meta property=\"og:image\" content=\"https:\/\/wire-processor.eu\/wp-content\/uploads\/2020\/12\/IMG_2669-Edit.jpg\" \/>\n\t<meta property=\"og:image:width\" content=\"800\" \/>\n\t<meta property=\"og:image:height\" content=\"800\" \/>\n\t<meta property=\"og:image:type\" content=\"image\/jpeg\" \/>\n<meta name=\"twitter:card\" content=\"summary_large_image\" \/>\n<meta name=\"twitter:label1\" content=\"Geschatte leestijd\" \/>\n\t<meta name=\"twitter:data1\" content=\"1 minuut\" \/>\n<script type=\"application\/ld+json\" class=\"yoast-schema-graph\">{\"@context\":\"https:\/\/schema.org\",\"@graph\":[{\"@type\":\"WebPage\",\"@id\":\"https:\/\/wire-processor.eu\/nl\/Aanbod1\/bzw-882dj-servo-wire-cutting-and-stripping-machine-its-prv380p-w-wire-printer\/\",\"url\":\"https:\/\/wire-processor.eu\/nl\/Aanbod1\/bzw-882dj-servo-wire-cutting-and-stripping-machine-its-prv380p-w-wire-printer\/\",\"name\":\"Automatische draadknip- en stripmachine BZW-882DJ + printer voor draden ITS-PRV380P-W - Wire processor\",\"isPartOf\":{\"@id\":\"https:\/\/wire-processor.eu\/en\/#website\"},\"primaryImageOfPage\":{\"@id\":\"https:\/\/wire-processor.eu\/nl\/Aanbod1\/bzw-882dj-servo-wire-cutting-and-stripping-machine-its-prv380p-w-wire-printer\/#primaryimage\"},\"image\":{\"@id\":\"https:\/\/wire-processor.eu\/nl\/Aanbod1\/bzw-882dj-servo-wire-cutting-and-stripping-machine-its-prv380p-w-wire-printer\/#primaryimage\"},\"thumbnailUrl\":\"https:\/\/wire-processor.eu\/wp-content\/uploads\/2020\/12\/IMG_2669-Edit.jpg\",\"datePublished\":\"2020-12-29T20:09:53+00:00\",\"dateModified\":\"2021-10-30T20:31:56+00:00\",\"description\":\"Automatische draadknip- en stripmachine BZW-882DJ + printer voor draden ITS-PRV380P-W.\",\"breadcrumb\":{\"@id\":\"https:\/\/wire-processor.eu\/nl\/Aanbod1\/bzw-882dj-servo-wire-cutting-and-stripping-machine-its-prv380p-w-wire-printer\/#breadcrumb\"},\"inLanguage\":\"nl-NL\",\"potentialAction\":[{\"@type\":\"ReadAction\",\"target\":[\"https:\/\/wire-processor.eu\/nl\/Aanbod1\/bzw-882dj-servo-wire-cutting-and-stripping-machine-its-prv380p-w-wire-printer\/\"]}]},{\"@type\":\"ImageObject\",\"inLanguage\":\"nl-NL\",\"@id\":\"https:\/\/wire-processor.eu\/nl\/Aanbod1\/bzw-882dj-servo-wire-cutting-and-stripping-machine-its-prv380p-w-wire-printer\/#primaryimage\",\"url\":\"https:\/\/wire-processor.eu\/wp-content\/uploads\/2020\/12\/IMG_2669-Edit.jpg\",\"contentUrl\":\"https:\/\/wire-processor.eu\/wp-content\/uploads\/2020\/12\/IMG_2669-Edit.jpg\",\"width\":800,\"height\":800,\"caption\":\"Automatic set for cutting and stripping wires BZW-882DJ with a printer for printing on wires\"},{\"@type\":\"BreadcrumbList\",\"@id\":\"https:\/\/wire-processor.eu\/nl\/Aanbod1\/bzw-882dj-servo-wire-cutting-and-stripping-machine-its-prv380p-w-wire-printer\/#breadcrumb\",\"itemListElement\":[{\"@type\":\"ListItem\",\"position\":1,\"name\":\"Strona g\u0142\u00f3wna\",\"item\":\"https:\/\/wire-processor.eu\/nl\/\"},{\"@type\":\"ListItem\",\"position\":2,\"name\":\"Aanbod\",\"item\":\"https:\/\/wire-processor.eu\/nl\/aanbod\/\"},{\"@type\":\"ListItem\",\"position\":3,\"name\":\"Automatische draadknip- en stripmachine BZW-882DJ + printer voor draden ITS-PRV380P-W\"}]},{\"@type\":\"WebSite\",\"@id\":\"https:\/\/wire-processor.eu\/en\/#website\",\"url\":\"https:\/\/wire-processor.eu\/en\/\",\"name\":\"Wire processor\",\"description\":\"Maszyny do obr\u00f3bki przewod\u00f3w\",\"publisher\":{\"@id\":\"https:\/\/wire-processor.eu\/en\/#organization\"},\"potentialAction\":[{\"@type\":\"SearchAction\",\"target\":{\"@type\":\"EntryPoint\",\"urlTemplate\":\"https:\/\/wire-processor.eu\/en\/?s={search_term_string}\"},\"query-input\":{\"@type\":\"PropertyValueSpecification\",\"valueRequired\":true,\"valueName\":\"search_term_string\"}}],\"inLanguage\":\"nl-NL\"},{\"@type\":\"Organization\",\"@id\":\"https:\/\/wire-processor.eu\/en\/#organization\",\"name\":\"Wire processor - maszyny do przewod\u00f3w\",\"url\":\"https:\/\/wire-processor.eu\/en\/\",\"logo\":{\"@type\":\"ImageObject\",\"inLanguage\":\"nl-NL\",\"@id\":\"https:\/\/wire-processor.eu\/en\/#\/schema\/logo\/image\/\",\"url\":\"https:\/\/wire-processor.eu\/wp-content\/uploads\/2018\/04\/Bozwang-_logo_producent1.png\",\"contentUrl\":\"https:\/\/wire-processor.eu\/wp-content\/uploads\/2018\/04\/Bozwang-_logo_producent1.png\",\"width\":250,\"height\":33,\"caption\":\"Wire processor - maszyny do przewod\u00f3w\"},\"image\":{\"@id\":\"https:\/\/wire-processor.eu\/en\/#\/schema\/logo\/image\/\"}}]}<\/script>\n<!-- \/ Yoast SEO plugin. -->","yoast_head_json":{"title":"Automatische draadknip- en stripmachine BZW-882DJ + printer voor draden ITS-PRV380P-W - Wire processor","description":"Automatische draadknip- en stripmachine BZW-882DJ + printer voor draden ITS-PRV380P-W.","robots":{"index":"index","follow":"follow","max-snippet":"max-snippet:-1","max-image-preview":"max-image-preview:large","max-video-preview":"max-video-preview:-1"},"canonical":"https:\/\/wire-processor.eu\/nl\/Aanbod1\/bzw-882dj-servo-wire-cutting-and-stripping-machine-its-prv380p-w-wire-printer\/","og_locale":"nl_NL","og_type":"article","og_title":"Automatische draadknip- en stripmachine BZW-882DJ + printer voor draden ITS-PRV380P-W - Wire processor","og_description":"Automatische draadknip- en stripmachine BZW-882DJ + printer voor draden ITS-PRV380P-W.","og_url":"https:\/\/wire-processor.eu\/nl\/Aanbod1\/bzw-882dj-servo-wire-cutting-and-stripping-machine-its-prv380p-w-wire-printer\/","og_site_name":"Wire processor","article_modified_time":"2021-10-30T20:31:56+00:00","og_image":[{"width":800,"height":800,"url":"https:\/\/wire-processor.eu\/wp-content\/uploads\/2020\/12\/IMG_2669-Edit.jpg","type":"image\/jpeg"}],"twitter_card":"summary_large_image","twitter_misc":{"Geschatte leestijd":"1 minuut"},"schema":{"@context":"https:\/\/schema.org","@graph":[{"@type":"WebPage","@id":"https:\/\/wire-processor.eu\/nl\/Aanbod1\/bzw-882dj-servo-wire-cutting-and-stripping-machine-its-prv380p-w-wire-printer\/","url":"https:\/\/wire-processor.eu\/nl\/Aanbod1\/bzw-882dj-servo-wire-cutting-and-stripping-machine-its-prv380p-w-wire-printer\/","name":"Automatische draadknip- en stripmachine BZW-882DJ + printer voor draden ITS-PRV380P-W - Wire processor","isPartOf":{"@id":"https:\/\/wire-processor.eu\/en\/#website"},"primaryImageOfPage":{"@id":"https:\/\/wire-processor.eu\/nl\/Aanbod1\/bzw-882dj-servo-wire-cutting-and-stripping-machine-its-prv380p-w-wire-printer\/#primaryimage"},"image":{"@id":"https:\/\/wire-processor.eu\/nl\/Aanbod1\/bzw-882dj-servo-wire-cutting-and-stripping-machine-its-prv380p-w-wire-printer\/#primaryimage"},"thumbnailUrl":"https:\/\/wire-processor.eu\/wp-content\/uploads\/2020\/12\/IMG_2669-Edit.jpg","datePublished":"2020-12-29T20:09:53+00:00","dateModified":"2021-10-30T20:31:56+00:00","description":"Automatische draadknip- en stripmachine BZW-882DJ + printer voor draden ITS-PRV380P-W.","breadcrumb":{"@id":"https:\/\/wire-processor.eu\/nl\/Aanbod1\/bzw-882dj-servo-wire-cutting-and-stripping-machine-its-prv380p-w-wire-printer\/#breadcrumb"},"inLanguage":"nl-NL","potentialAction":[{"@type":"ReadAction","target":["https:\/\/wire-processor.eu\/nl\/Aanbod1\/bzw-882dj-servo-wire-cutting-and-stripping-machine-its-prv380p-w-wire-printer\/"]}]},{"@type":"ImageObject","inLanguage":"nl-NL","@id":"https:\/\/wire-processor.eu\/nl\/Aanbod1\/bzw-882dj-servo-wire-cutting-and-stripping-machine-its-prv380p-w-wire-printer\/#primaryimage","url":"https:\/\/wire-processor.eu\/wp-content\/uploads\/2020\/12\/IMG_2669-Edit.jpg","contentUrl":"https:\/\/wire-processor.eu\/wp-content\/uploads\/2020\/12\/IMG_2669-Edit.jpg","width":800,"height":800,"caption":"Automatic set for cutting and stripping wires BZW-882DJ with a printer for printing on wires"},{"@type":"BreadcrumbList","@id":"https:\/\/wire-processor.eu\/nl\/Aanbod1\/bzw-882dj-servo-wire-cutting-and-stripping-machine-its-prv380p-w-wire-printer\/#breadcrumb","itemListElement":[{"@type":"ListItem","position":1,"name":"Strona g\u0142\u00f3wna","item":"https:\/\/wire-processor.eu\/nl\/"},{"@type":"ListItem","position":2,"name":"Aanbod","item":"https:\/\/wire-processor.eu\/nl\/aanbod\/"},{"@type":"ListItem","position":3,"name":"Automatische draadknip- en stripmachine BZW-882DJ + printer voor draden ITS-PRV380P-W"}]},{"@type":"WebSite","@id":"https:\/\/wire-processor.eu\/en\/#website","url":"https:\/\/wire-processor.eu\/en\/","name":"Wire processor","description":"Maszyny do obr\u00f3bki przewod\u00f3w","publisher":{"@id":"https:\/\/wire-processor.eu\/en\/#organization"},"potentialAction":[{"@type":"SearchAction","target":{"@type":"EntryPoint","urlTemplate":"https:\/\/wire-processor.eu\/en\/?s={search_term_string}"},"query-input":{"@type":"PropertyValueSpecification","valueRequired":true,"valueName":"search_term_string"}}],"inLanguage":"nl-NL"},{"@type":"Organization","@id":"https:\/\/wire-processor.eu\/en\/#organization","name":"Wire processor - maszyny do przewod\u00f3w","url":"https:\/\/wire-processor.eu\/en\/","logo":{"@type":"ImageObject","inLanguage":"nl-NL","@id":"https:\/\/wire-processor.eu\/en\/#\/schema\/logo\/image\/","url":"https:\/\/wire-processor.eu\/wp-content\/uploads\/2018\/04\/Bozwang-_logo_producent1.png","contentUrl":"https:\/\/wire-processor.eu\/wp-content\/uploads\/2018\/04\/Bozwang-_logo_producent1.png","width":250,"height":33,"caption":"Wire processor - maszyny do przewod\u00f3w"},"image":{"@id":"https:\/\/wire-processor.eu\/en\/#\/schema\/logo\/image\/"}}]}},"_links":{"self":[{"href":"https:\/\/wire-processor.eu\/nl\/wp-json\/wp\/v2\/product\/15260","targetHints":{"allow":["GET"]}}],"collection":[{"href":"https:\/\/wire-processor.eu\/nl\/wp-json\/wp\/v2\/product"}],"about":[{"href":"https:\/\/wire-processor.eu\/nl\/wp-json\/wp\/v2\/types\/product"}],"wp:featuredmedia":[{"embeddable":true,"href":"https:\/\/wire-processor.eu\/nl\/wp-json\/wp\/v2\/media\/15261"}],"wp:attachment":[{"href":"https:\/\/wire-processor.eu\/nl\/wp-json\/wp\/v2\/media?parent=15260"}],"wp:term":[{"taxonomy":"product_brand","embeddable":true,"href":"https:\/\/wire-processor.eu\/nl\/wp-json\/wp\/v2\/product_brand?post=15260"},{"taxonomy":"product_cat","embeddable":true,"href":"https:\/\/wire-processor.eu\/nl\/wp-json\/wp\/v2\/product_cat?post=15260"},{"taxonomy":"product_tag","embeddable":true,"href":"https:\/\/wire-processor.eu\/nl\/wp-json\/wp\/v2\/product_tag?post=15260"}],"curies":[{"name":"wp","href":"https:\/\/api.w.org\/{rel}","templated":true}]}}