{"id":15283,"date":"2019-07-14T22:11:01","date_gmt":"2019-07-14T20:11:01","guid":{"rendered":"https:\/\/wire-processor.eu\/oferta\/bzw-2-0x-automatic-double-ends-terminal-crimping-machine-thin-wire\/"},"modified":"2021-10-30T22:35:41","modified_gmt":"2021-10-30T20:35:41","slug":"automatische-machine-voor-het-krimpen-van-terminals-met-dubbele-einde-dunne-draad-bzw-2-0x","status":"publish","type":"product","link":"https:\/\/wire-processor.eu\/nl\/Aanbod1\/automatische-machine-voor-het-krimpen-van-terminals-met-dubbele-einde-dunne-draad-bzw-2-0x\/","title":{"rendered":"Automatische machine voor het krimpen van terminals met dubbele einde (dunne draad)  BZW-2.0X"},"content":{"rendered":"","protected":false},"excerpt":{"rendered":"<p>BZW-2.0X machine has the function of wire cutting, stripping and terminal crimping. PLC control system. Exquision appearance and compact structure, space saving and artistic appearance. Simple and quick replacement of the spare parts, full digital troubleshooting, and easy to maintenance.<\/p>\n","protected":false},"featured_media":15284,"template":"","meta":[],"product_brand":[],"product_cat":[888],"product_tag":[],"class_list":{"0":"post-15283","1":"product","2":"type-product","3":"status-publish","4":"has-post-thumbnail","6":"product_cat-automatische-machines-voor-het-kneden-van-kabelschoenen","8":"first","9":"instock","10":"shipping-taxable","11":"product-type-simple"},"yoast_head":"<!-- This site is optimized with the Yoast SEO plugin v26.3 - https:\/\/yoast.com\/wordpress\/plugins\/seo\/ -->\n<title>BZW-2.0X Automatic double ends terminal crimping machine (thin wire) - Wire processor<\/title>\n<meta name=\"description\" content=\"Automatische machine voor het krimpen van terminals met dubbele einde (dunne draad) BZW-2.0X.\" \/>\n<meta name=\"robots\" content=\"index, follow, max-snippet:-1, max-image-preview:large, max-video-preview:-1\" \/>\n<link rel=\"canonical\" href=\"https:\/\/wire-processor.eu\/nl\/Aanbod1\/automatische-machine-voor-het-krimpen-van-terminals-met-dubbele-einde-dunne-draad-bzw-2-0x\/\" \/>\n<meta property=\"og:locale\" content=\"nl_NL\" \/>\n<meta property=\"og:type\" content=\"article\" \/>\n<meta property=\"og:title\" content=\"BZW-2.0X Automatic double ends terminal crimping machine (thin wire) - Wire processor\" \/>\n<meta property=\"og:description\" content=\"Automatische machine voor het krimpen van terminals met dubbele einde (dunne draad) BZW-2.0X.\" \/>\n<meta property=\"og:url\" content=\"https:\/\/wire-processor.eu\/nl\/Aanbod1\/automatische-machine-voor-het-krimpen-van-terminals-met-dubbele-einde-dunne-draad-bzw-2-0x\/\" \/>\n<meta property=\"og:site_name\" content=\"Wire processor\" \/>\n<meta property=\"article:modified_time\" content=\"2021-10-30T20:35:41+00:00\" \/>\n<meta property=\"og:image\" content=\"https:\/\/wire-processor.eu\/wp-content\/uploads\/2019\/07\/Automat-do-zaciskania-terminali-z-podw\u00f3jnym-ko\u0144cem-cienki-przew\u00f3d-BZW-2.0X.jpg\" \/>\n\t<meta property=\"og:image:width\" content=\"800\" \/>\n\t<meta property=\"og:image:height\" content=\"800\" \/>\n\t<meta property=\"og:image:type\" content=\"image\/jpeg\" \/>\n<meta name=\"twitter:card\" content=\"summary_large_image\" \/>\n<script type=\"application\/ld+json\" class=\"yoast-schema-graph\">{\"@context\":\"https:\/\/schema.org\",\"@graph\":[{\"@type\":\"WebPage\",\"@id\":\"https:\/\/wire-processor.eu\/nl\/Aanbod1\/automatische-machine-voor-het-krimpen-van-terminals-met-dubbele-einde-dunne-draad-bzw-2-0x\/\",\"url\":\"https:\/\/wire-processor.eu\/nl\/Aanbod1\/automatische-machine-voor-het-krimpen-van-terminals-met-dubbele-einde-dunne-draad-bzw-2-0x\/\",\"name\":\"BZW-2.0X Automatic double ends terminal crimping machine (thin wire) - Wire processor\",\"isPartOf\":{\"@id\":\"https:\/\/wire-processor.eu\/en\/#website\"},\"primaryImageOfPage\":{\"@id\":\"https:\/\/wire-processor.eu\/nl\/Aanbod1\/automatische-machine-voor-het-krimpen-van-terminals-met-dubbele-einde-dunne-draad-bzw-2-0x\/#primaryimage\"},\"image\":{\"@id\":\"https:\/\/wire-processor.eu\/nl\/Aanbod1\/automatische-machine-voor-het-krimpen-van-terminals-met-dubbele-einde-dunne-draad-bzw-2-0x\/#primaryimage\"},\"thumbnailUrl\":\"https:\/\/wire-processor.eu\/wp-content\/uploads\/2019\/07\/Automat-do-zaciskania-terminali-z-podw\u00f3jnym-ko\u0144cem-cienki-przew\u00f3d-BZW-2.0X.jpg\",\"datePublished\":\"2019-07-14T20:11:01+00:00\",\"dateModified\":\"2021-10-30T20:35:41+00:00\",\"description\":\"Automatische machine voor het krimpen van terminals met dubbele einde (dunne draad) BZW-2.0X.\",\"breadcrumb\":{\"@id\":\"https:\/\/wire-processor.eu\/nl\/Aanbod1\/automatische-machine-voor-het-krimpen-van-terminals-met-dubbele-einde-dunne-draad-bzw-2-0x\/#breadcrumb\"},\"inLanguage\":\"nl-NL\",\"potentialAction\":[{\"@type\":\"ReadAction\",\"target\":[\"https:\/\/wire-processor.eu\/nl\/Aanbod1\/automatische-machine-voor-het-krimpen-van-terminals-met-dubbele-einde-dunne-draad-bzw-2-0x\/\"]}]},{\"@type\":\"ImageObject\",\"inLanguage\":\"nl-NL\",\"@id\":\"https:\/\/wire-processor.eu\/nl\/Aanbod1\/automatische-machine-voor-het-krimpen-van-terminals-met-dubbele-einde-dunne-draad-bzw-2-0x\/#primaryimage\",\"url\":\"https:\/\/wire-processor.eu\/wp-content\/uploads\/2019\/07\/Automat-do-zaciskania-terminali-z-podw\u00f3jnym-ko\u0144cem-cienki-przew\u00f3d-BZW-2.0X.jpg\",\"contentUrl\":\"https:\/\/wire-processor.eu\/wp-content\/uploads\/2019\/07\/Automat-do-zaciskania-terminali-z-podw\u00f3jnym-ko\u0144cem-cienki-przew\u00f3d-BZW-2.0X.jpg\",\"width\":800,\"height\":800,\"caption\":\"Automat do zaciskania terminali z podw\u00f3jnym ko\u0144cem (cienki przew\u00f3d) BZW-2.0X\"},{\"@type\":\"BreadcrumbList\",\"@id\":\"https:\/\/wire-processor.eu\/nl\/Aanbod1\/automatische-machine-voor-het-krimpen-van-terminals-met-dubbele-einde-dunne-draad-bzw-2-0x\/#breadcrumb\",\"itemListElement\":[{\"@type\":\"ListItem\",\"position\":1,\"name\":\"Strona g\u0142\u00f3wna\",\"item\":\"https:\/\/wire-processor.eu\/nl\/\"},{\"@type\":\"ListItem\",\"position\":2,\"name\":\"Aanbod\",\"item\":\"https:\/\/wire-processor.eu\/nl\/aanbod\/\"},{\"@type\":\"ListItem\",\"position\":3,\"name\":\"Automatische machine voor het krimpen van terminals met dubbele einde (dunne draad) BZW-2.0X\"}]},{\"@type\":\"WebSite\",\"@id\":\"https:\/\/wire-processor.eu\/en\/#website\",\"url\":\"https:\/\/wire-processor.eu\/en\/\",\"name\":\"Wire processor\",\"description\":\"Maszyny do obr\u00f3bki przewod\u00f3w\",\"publisher\":{\"@id\":\"https:\/\/wire-processor.eu\/en\/#organization\"},\"potentialAction\":[{\"@type\":\"SearchAction\",\"target\":{\"@type\":\"EntryPoint\",\"urlTemplate\":\"https:\/\/wire-processor.eu\/en\/?s={search_term_string}\"},\"query-input\":{\"@type\":\"PropertyValueSpecification\",\"valueRequired\":true,\"valueName\":\"search_term_string\"}}],\"inLanguage\":\"nl-NL\"},{\"@type\":\"Organization\",\"@id\":\"https:\/\/wire-processor.eu\/en\/#organization\",\"name\":\"Wire processor - maszyny do przewod\u00f3w\",\"url\":\"https:\/\/wire-processor.eu\/en\/\",\"logo\":{\"@type\":\"ImageObject\",\"inLanguage\":\"nl-NL\",\"@id\":\"https:\/\/wire-processor.eu\/en\/#\/schema\/logo\/image\/\",\"url\":\"https:\/\/wire-processor.eu\/wp-content\/uploads\/2018\/04\/Bozwang-_logo_producent1.png\",\"contentUrl\":\"https:\/\/wire-processor.eu\/wp-content\/uploads\/2018\/04\/Bozwang-_logo_producent1.png\",\"width\":250,\"height\":33,\"caption\":\"Wire processor - maszyny do przewod\u00f3w\"},\"image\":{\"@id\":\"https:\/\/wire-processor.eu\/en\/#\/schema\/logo\/image\/\"}}]}<\/script>\n<!-- \/ Yoast SEO plugin. -->","yoast_head_json":{"title":"BZW-2.0X Automatic double ends terminal crimping machine (thin wire) - Wire processor","description":"Automatische machine voor het krimpen van terminals met dubbele einde (dunne draad) BZW-2.0X.","robots":{"index":"index","follow":"follow","max-snippet":"max-snippet:-1","max-image-preview":"max-image-preview:large","max-video-preview":"max-video-preview:-1"},"canonical":"https:\/\/wire-processor.eu\/nl\/Aanbod1\/automatische-machine-voor-het-krimpen-van-terminals-met-dubbele-einde-dunne-draad-bzw-2-0x\/","og_locale":"nl_NL","og_type":"article","og_title":"BZW-2.0X Automatic double ends terminal crimping machine (thin wire) - Wire processor","og_description":"Automatische machine voor het krimpen van terminals met dubbele einde (dunne draad) BZW-2.0X.","og_url":"https:\/\/wire-processor.eu\/nl\/Aanbod1\/automatische-machine-voor-het-krimpen-van-terminals-met-dubbele-einde-dunne-draad-bzw-2-0x\/","og_site_name":"Wire processor","article_modified_time":"2021-10-30T20:35:41+00:00","og_image":[{"width":800,"height":800,"url":"https:\/\/wire-processor.eu\/wp-content\/uploads\/2019\/07\/Automat-do-zaciskania-terminali-z-podw\u00f3jnym-ko\u0144cem-cienki-przew\u00f3d-BZW-2.0X.jpg","type":"image\/jpeg"}],"twitter_card":"summary_large_image","schema":{"@context":"https:\/\/schema.org","@graph":[{"@type":"WebPage","@id":"https:\/\/wire-processor.eu\/nl\/Aanbod1\/automatische-machine-voor-het-krimpen-van-terminals-met-dubbele-einde-dunne-draad-bzw-2-0x\/","url":"https:\/\/wire-processor.eu\/nl\/Aanbod1\/automatische-machine-voor-het-krimpen-van-terminals-met-dubbele-einde-dunne-draad-bzw-2-0x\/","name":"BZW-2.0X Automatic double ends terminal crimping machine (thin wire) - Wire processor","isPartOf":{"@id":"https:\/\/wire-processor.eu\/en\/#website"},"primaryImageOfPage":{"@id":"https:\/\/wire-processor.eu\/nl\/Aanbod1\/automatische-machine-voor-het-krimpen-van-terminals-met-dubbele-einde-dunne-draad-bzw-2-0x\/#primaryimage"},"image":{"@id":"https:\/\/wire-processor.eu\/nl\/Aanbod1\/automatische-machine-voor-het-krimpen-van-terminals-met-dubbele-einde-dunne-draad-bzw-2-0x\/#primaryimage"},"thumbnailUrl":"https:\/\/wire-processor.eu\/wp-content\/uploads\/2019\/07\/Automat-do-zaciskania-terminali-z-podw\u00f3jnym-ko\u0144cem-cienki-przew\u00f3d-BZW-2.0X.jpg","datePublished":"2019-07-14T20:11:01+00:00","dateModified":"2021-10-30T20:35:41+00:00","description":"Automatische machine voor het krimpen van terminals met dubbele einde (dunne draad) BZW-2.0X.","breadcrumb":{"@id":"https:\/\/wire-processor.eu\/nl\/Aanbod1\/automatische-machine-voor-het-krimpen-van-terminals-met-dubbele-einde-dunne-draad-bzw-2-0x\/#breadcrumb"},"inLanguage":"nl-NL","potentialAction":[{"@type":"ReadAction","target":["https:\/\/wire-processor.eu\/nl\/Aanbod1\/automatische-machine-voor-het-krimpen-van-terminals-met-dubbele-einde-dunne-draad-bzw-2-0x\/"]}]},{"@type":"ImageObject","inLanguage":"nl-NL","@id":"https:\/\/wire-processor.eu\/nl\/Aanbod1\/automatische-machine-voor-het-krimpen-van-terminals-met-dubbele-einde-dunne-draad-bzw-2-0x\/#primaryimage","url":"https:\/\/wire-processor.eu\/wp-content\/uploads\/2019\/07\/Automat-do-zaciskania-terminali-z-podw\u00f3jnym-ko\u0144cem-cienki-przew\u00f3d-BZW-2.0X.jpg","contentUrl":"https:\/\/wire-processor.eu\/wp-content\/uploads\/2019\/07\/Automat-do-zaciskania-terminali-z-podw\u00f3jnym-ko\u0144cem-cienki-przew\u00f3d-BZW-2.0X.jpg","width":800,"height":800,"caption":"Automat do zaciskania terminali z podw\u00f3jnym ko\u0144cem (cienki przew\u00f3d) BZW-2.0X"},{"@type":"BreadcrumbList","@id":"https:\/\/wire-processor.eu\/nl\/Aanbod1\/automatische-machine-voor-het-krimpen-van-terminals-met-dubbele-einde-dunne-draad-bzw-2-0x\/#breadcrumb","itemListElement":[{"@type":"ListItem","position":1,"name":"Strona g\u0142\u00f3wna","item":"https:\/\/wire-processor.eu\/nl\/"},{"@type":"ListItem","position":2,"name":"Aanbod","item":"https:\/\/wire-processor.eu\/nl\/aanbod\/"},{"@type":"ListItem","position":3,"name":"Automatische machine voor het krimpen van terminals met dubbele einde (dunne draad) BZW-2.0X"}]},{"@type":"WebSite","@id":"https:\/\/wire-processor.eu\/en\/#website","url":"https:\/\/wire-processor.eu\/en\/","name":"Wire processor","description":"Maszyny do obr\u00f3bki przewod\u00f3w","publisher":{"@id":"https:\/\/wire-processor.eu\/en\/#organization"},"potentialAction":[{"@type":"SearchAction","target":{"@type":"EntryPoint","urlTemplate":"https:\/\/wire-processor.eu\/en\/?s={search_term_string}"},"query-input":{"@type":"PropertyValueSpecification","valueRequired":true,"valueName":"search_term_string"}}],"inLanguage":"nl-NL"},{"@type":"Organization","@id":"https:\/\/wire-processor.eu\/en\/#organization","name":"Wire processor - maszyny do przewod\u00f3w","url":"https:\/\/wire-processor.eu\/en\/","logo":{"@type":"ImageObject","inLanguage":"nl-NL","@id":"https:\/\/wire-processor.eu\/en\/#\/schema\/logo\/image\/","url":"https:\/\/wire-processor.eu\/wp-content\/uploads\/2018\/04\/Bozwang-_logo_producent1.png","contentUrl":"https:\/\/wire-processor.eu\/wp-content\/uploads\/2018\/04\/Bozwang-_logo_producent1.png","width":250,"height":33,"caption":"Wire processor - maszyny do przewod\u00f3w"},"image":{"@id":"https:\/\/wire-processor.eu\/en\/#\/schema\/logo\/image\/"}}]}},"_links":{"self":[{"href":"https:\/\/wire-processor.eu\/nl\/wp-json\/wp\/v2\/product\/15283","targetHints":{"allow":["GET"]}}],"collection":[{"href":"https:\/\/wire-processor.eu\/nl\/wp-json\/wp\/v2\/product"}],"about":[{"href":"https:\/\/wire-processor.eu\/nl\/wp-json\/wp\/v2\/types\/product"}],"wp:featuredmedia":[{"embeddable":true,"href":"https:\/\/wire-processor.eu\/nl\/wp-json\/wp\/v2\/media\/15284"}],"wp:attachment":[{"href":"https:\/\/wire-processor.eu\/nl\/wp-json\/wp\/v2\/media?parent=15283"}],"wp:term":[{"taxonomy":"product_brand","embeddable":true,"href":"https:\/\/wire-processor.eu\/nl\/wp-json\/wp\/v2\/product_brand?post=15283"},{"taxonomy":"product_cat","embeddable":true,"href":"https:\/\/wire-processor.eu\/nl\/wp-json\/wp\/v2\/product_cat?post=15283"},{"taxonomy":"product_tag","embeddable":true,"href":"https:\/\/wire-processor.eu\/nl\/wp-json\/wp\/v2\/product_tag?post=15283"}],"curies":[{"name":"wp","href":"https:\/\/api.w.org\/{rel}","templated":true}]}}