{"id":15475,"date":"2018-05-10T18:47:15","date_gmt":"2018-05-10T16:47:15","guid":{"rendered":"https:\/\/wire-processor.eu\/oferta\/bzw-f2-0-portable-pneumatic-wire-stripping-machine\/"},"modified":"2021-10-17T11:57:21","modified_gmt":"2021-10-17T09:57:21","slug":"draagbaar-apparaat-voor-het-strippen-van-draden-003-208-mm2-bzw-f2-0","status":"publish","type":"product","link":"https:\/\/wire-processor.eu\/nl\/Aanbod1\/draagbaar-apparaat-voor-het-strippen-van-draden-003-208-mm2-bzw-f2-0\/","title":{"rendered":"Draagbaar apparaat voor het strippen van draden 0,03-2,08 mm2 BZW-F2.0"},"content":{"rendered":"","protected":false},"excerpt":{"rendered":"<ul>\n<li>Applied wire diameter &#8211; AWG14-32# (0.03-2.08mm2)<\/li>\n<li>Wire type &#8211; thin wires such as PVC, solid core wire, single stranded wire, rubber wire, computer core wire, and telephone wire, etc..<\/li>\n<li>Stripping length &#8211; 1-20mm<\/li>\n<li>Diameter precision &#8211; 0,01mm<br \/>\nProcessing time about &#8211; 0,3pcs\/s<\/li>\n<li>Stroke &#8211; 20mm<\/li>\n<li>Air supply &#8211;\u00a0 0,5MPa-0,8Mpa<\/li>\n<li>Weight &#8211; 3,5kg<\/li>\n<li>Dimension &#8211;\u00a0 260 x 150 x 270 mm<\/li>\n<\/ul>\n","protected":false},"featured_media":15480,"template":"","meta":[],"product_brand":[],"product_cat":[902],"product_tag":[],"class_list":{"0":"post-15475","1":"product","2":"type-product","3":"status-publish","4":"has-post-thumbnail","6":"product_cat-pneumatische-stripapparaten","8":"first","9":"instock","10":"shipping-taxable","11":"product-type-simple"},"yoast_head":"<!-- This site is optimized with the Yoast SEO plugin v26.3 - https:\/\/yoast.com\/wordpress\/plugins\/seo\/ -->\n<title>Draagbaar apparaat voor het strippen van draden 0,03-2,08 mm2 BZW-F2.0 - Wire processor<\/title>\n<meta name=\"description\" content=\"Draagbaar apparaat voor het strippen van draden 0,03-2,08 mm2 BZW-F2.0. Kabelmachines. Rekening!\" \/>\n<meta name=\"robots\" content=\"index, follow, max-snippet:-1, max-image-preview:large, max-video-preview:-1\" \/>\n<link rel=\"canonical\" href=\"https:\/\/wire-processor.eu\/nl\/Aanbod1\/draagbaar-apparaat-voor-het-strippen-van-draden-003-208-mm2-bzw-f2-0\/\" \/>\n<meta property=\"og:locale\" content=\"nl_NL\" \/>\n<meta property=\"og:type\" content=\"article\" \/>\n<meta property=\"og:title\" content=\"Draagbaar apparaat voor het strippen van draden 0,03-2,08 mm2 BZW-F2.0 - Wire processor\" \/>\n<meta property=\"og:description\" content=\"Draagbaar apparaat voor het strippen van draden 0,03-2,08 mm2 BZW-F2.0. Kabelmachines. Rekening!\" \/>\n<meta property=\"og:url\" content=\"https:\/\/wire-processor.eu\/nl\/Aanbod1\/draagbaar-apparaat-voor-het-strippen-van-draden-003-208-mm2-bzw-f2-0\/\" \/>\n<meta property=\"og:site_name\" content=\"Wire processor\" \/>\n<meta property=\"article:modified_time\" content=\"2021-10-17T09:57:21+00:00\" \/>\n<meta property=\"og:image\" content=\"https:\/\/wire-processor.eu\/wp-content\/uploads\/2018\/05\/IMG_3081www.jpg\" \/>\n\t<meta property=\"og:image:width\" content=\"800\" \/>\n\t<meta property=\"og:image:height\" content=\"800\" \/>\n\t<meta property=\"og:image:type\" content=\"image\/jpeg\" \/>\n<meta name=\"twitter:card\" content=\"summary_large_image\" \/>\n<script type=\"application\/ld+json\" class=\"yoast-schema-graph\">{\"@context\":\"https:\/\/schema.org\",\"@graph\":[{\"@type\":\"WebPage\",\"@id\":\"https:\/\/wire-processor.eu\/nl\/Aanbod1\/draagbaar-apparaat-voor-het-strippen-van-draden-003-208-mm2-bzw-f2-0\/\",\"url\":\"https:\/\/wire-processor.eu\/nl\/Aanbod1\/draagbaar-apparaat-voor-het-strippen-van-draden-003-208-mm2-bzw-f2-0\/\",\"name\":\"Draagbaar apparaat voor het strippen van draden 0,03-2,08 mm2 BZW-F2.0 - Wire processor\",\"isPartOf\":{\"@id\":\"https:\/\/wire-processor.eu\/en\/#website\"},\"primaryImageOfPage\":{\"@id\":\"https:\/\/wire-processor.eu\/nl\/Aanbod1\/draagbaar-apparaat-voor-het-strippen-van-draden-003-208-mm2-bzw-f2-0\/#primaryimage\"},\"image\":{\"@id\":\"https:\/\/wire-processor.eu\/nl\/Aanbod1\/draagbaar-apparaat-voor-het-strippen-van-draden-003-208-mm2-bzw-f2-0\/#primaryimage\"},\"thumbnailUrl\":\"https:\/\/wire-processor.eu\/wp-content\/uploads\/2018\/05\/IMG_3081www.jpg\",\"datePublished\":\"2018-05-10T16:47:15+00:00\",\"dateModified\":\"2021-10-17T09:57:21+00:00\",\"description\":\"Draagbaar apparaat voor het strippen van draden 0,03-2,08 mm2 BZW-F2.0. Kabelmachines. Rekening!\",\"breadcrumb\":{\"@id\":\"https:\/\/wire-processor.eu\/nl\/Aanbod1\/draagbaar-apparaat-voor-het-strippen-van-draden-003-208-mm2-bzw-f2-0\/#breadcrumb\"},\"inLanguage\":\"nl-NL\",\"potentialAction\":[{\"@type\":\"ReadAction\",\"target\":[\"https:\/\/wire-processor.eu\/nl\/Aanbod1\/draagbaar-apparaat-voor-het-strippen-van-draden-003-208-mm2-bzw-f2-0\/\"]}]},{\"@type\":\"ImageObject\",\"inLanguage\":\"nl-NL\",\"@id\":\"https:\/\/wire-processor.eu\/nl\/Aanbod1\/draagbaar-apparaat-voor-het-strippen-van-draden-003-208-mm2-bzw-f2-0\/#primaryimage\",\"url\":\"https:\/\/wire-processor.eu\/wp-content\/uploads\/2018\/05\/IMG_3081www.jpg\",\"contentUrl\":\"https:\/\/wire-processor.eu\/wp-content\/uploads\/2018\/05\/IMG_3081www.jpg\",\"width\":800,\"height\":800,\"caption\":\"Przeno\u015bne urz\u0105dzenie do odizolowywania przewod\u00f3w 0,03-2,08mm2 BZW-F2.0\"},{\"@type\":\"BreadcrumbList\",\"@id\":\"https:\/\/wire-processor.eu\/nl\/Aanbod1\/draagbaar-apparaat-voor-het-strippen-van-draden-003-208-mm2-bzw-f2-0\/#breadcrumb\",\"itemListElement\":[{\"@type\":\"ListItem\",\"position\":1,\"name\":\"Strona g\u0142\u00f3wna\",\"item\":\"https:\/\/wire-processor.eu\/nl\/\"},{\"@type\":\"ListItem\",\"position\":2,\"name\":\"Aanbod\",\"item\":\"https:\/\/wire-processor.eu\/nl\/aanbod\/\"},{\"@type\":\"ListItem\",\"position\":3,\"name\":\"Draagbaar apparaat voor het strippen van draden 0,03-2,08 mm2 BZW-F2.0\"}]},{\"@type\":\"WebSite\",\"@id\":\"https:\/\/wire-processor.eu\/en\/#website\",\"url\":\"https:\/\/wire-processor.eu\/en\/\",\"name\":\"Wire processor\",\"description\":\"Maszyny do obr\u00f3bki przewod\u00f3w\",\"publisher\":{\"@id\":\"https:\/\/wire-processor.eu\/en\/#organization\"},\"potentialAction\":[{\"@type\":\"SearchAction\",\"target\":{\"@type\":\"EntryPoint\",\"urlTemplate\":\"https:\/\/wire-processor.eu\/en\/?s={search_term_string}\"},\"query-input\":{\"@type\":\"PropertyValueSpecification\",\"valueRequired\":true,\"valueName\":\"search_term_string\"}}],\"inLanguage\":\"nl-NL\"},{\"@type\":\"Organization\",\"@id\":\"https:\/\/wire-processor.eu\/en\/#organization\",\"name\":\"Wire processor - maszyny do przewod\u00f3w\",\"url\":\"https:\/\/wire-processor.eu\/en\/\",\"logo\":{\"@type\":\"ImageObject\",\"inLanguage\":\"nl-NL\",\"@id\":\"https:\/\/wire-processor.eu\/en\/#\/schema\/logo\/image\/\",\"url\":\"https:\/\/wire-processor.eu\/wp-content\/uploads\/2018\/04\/Bozwang-_logo_producent1.png\",\"contentUrl\":\"https:\/\/wire-processor.eu\/wp-content\/uploads\/2018\/04\/Bozwang-_logo_producent1.png\",\"width\":250,\"height\":33,\"caption\":\"Wire processor - maszyny do przewod\u00f3w\"},\"image\":{\"@id\":\"https:\/\/wire-processor.eu\/en\/#\/schema\/logo\/image\/\"}}]}<\/script>\n<!-- \/ Yoast SEO plugin. -->","yoast_head_json":{"title":"Draagbaar apparaat voor het strippen van draden 0,03-2,08 mm2 BZW-F2.0 - Wire processor","description":"Draagbaar apparaat voor het strippen van draden 0,03-2,08 mm2 BZW-F2.0. Kabelmachines. Rekening!","robots":{"index":"index","follow":"follow","max-snippet":"max-snippet:-1","max-image-preview":"max-image-preview:large","max-video-preview":"max-video-preview:-1"},"canonical":"https:\/\/wire-processor.eu\/nl\/Aanbod1\/draagbaar-apparaat-voor-het-strippen-van-draden-003-208-mm2-bzw-f2-0\/","og_locale":"nl_NL","og_type":"article","og_title":"Draagbaar apparaat voor het strippen van draden 0,03-2,08 mm2 BZW-F2.0 - Wire processor","og_description":"Draagbaar apparaat voor het strippen van draden 0,03-2,08 mm2 BZW-F2.0. Kabelmachines. Rekening!","og_url":"https:\/\/wire-processor.eu\/nl\/Aanbod1\/draagbaar-apparaat-voor-het-strippen-van-draden-003-208-mm2-bzw-f2-0\/","og_site_name":"Wire processor","article_modified_time":"2021-10-17T09:57:21+00:00","og_image":[{"width":800,"height":800,"url":"https:\/\/wire-processor.eu\/wp-content\/uploads\/2018\/05\/IMG_3081www.jpg","type":"image\/jpeg"}],"twitter_card":"summary_large_image","schema":{"@context":"https:\/\/schema.org","@graph":[{"@type":"WebPage","@id":"https:\/\/wire-processor.eu\/nl\/Aanbod1\/draagbaar-apparaat-voor-het-strippen-van-draden-003-208-mm2-bzw-f2-0\/","url":"https:\/\/wire-processor.eu\/nl\/Aanbod1\/draagbaar-apparaat-voor-het-strippen-van-draden-003-208-mm2-bzw-f2-0\/","name":"Draagbaar apparaat voor het strippen van draden 0,03-2,08 mm2 BZW-F2.0 - Wire processor","isPartOf":{"@id":"https:\/\/wire-processor.eu\/en\/#website"},"primaryImageOfPage":{"@id":"https:\/\/wire-processor.eu\/nl\/Aanbod1\/draagbaar-apparaat-voor-het-strippen-van-draden-003-208-mm2-bzw-f2-0\/#primaryimage"},"image":{"@id":"https:\/\/wire-processor.eu\/nl\/Aanbod1\/draagbaar-apparaat-voor-het-strippen-van-draden-003-208-mm2-bzw-f2-0\/#primaryimage"},"thumbnailUrl":"https:\/\/wire-processor.eu\/wp-content\/uploads\/2018\/05\/IMG_3081www.jpg","datePublished":"2018-05-10T16:47:15+00:00","dateModified":"2021-10-17T09:57:21+00:00","description":"Draagbaar apparaat voor het strippen van draden 0,03-2,08 mm2 BZW-F2.0. Kabelmachines. Rekening!","breadcrumb":{"@id":"https:\/\/wire-processor.eu\/nl\/Aanbod1\/draagbaar-apparaat-voor-het-strippen-van-draden-003-208-mm2-bzw-f2-0\/#breadcrumb"},"inLanguage":"nl-NL","potentialAction":[{"@type":"ReadAction","target":["https:\/\/wire-processor.eu\/nl\/Aanbod1\/draagbaar-apparaat-voor-het-strippen-van-draden-003-208-mm2-bzw-f2-0\/"]}]},{"@type":"ImageObject","inLanguage":"nl-NL","@id":"https:\/\/wire-processor.eu\/nl\/Aanbod1\/draagbaar-apparaat-voor-het-strippen-van-draden-003-208-mm2-bzw-f2-0\/#primaryimage","url":"https:\/\/wire-processor.eu\/wp-content\/uploads\/2018\/05\/IMG_3081www.jpg","contentUrl":"https:\/\/wire-processor.eu\/wp-content\/uploads\/2018\/05\/IMG_3081www.jpg","width":800,"height":800,"caption":"Przeno\u015bne urz\u0105dzenie do odizolowywania przewod\u00f3w 0,03-2,08mm2 BZW-F2.0"},{"@type":"BreadcrumbList","@id":"https:\/\/wire-processor.eu\/nl\/Aanbod1\/draagbaar-apparaat-voor-het-strippen-van-draden-003-208-mm2-bzw-f2-0\/#breadcrumb","itemListElement":[{"@type":"ListItem","position":1,"name":"Strona g\u0142\u00f3wna","item":"https:\/\/wire-processor.eu\/nl\/"},{"@type":"ListItem","position":2,"name":"Aanbod","item":"https:\/\/wire-processor.eu\/nl\/aanbod\/"},{"@type":"ListItem","position":3,"name":"Draagbaar apparaat voor het strippen van draden 0,03-2,08 mm2 BZW-F2.0"}]},{"@type":"WebSite","@id":"https:\/\/wire-processor.eu\/en\/#website","url":"https:\/\/wire-processor.eu\/en\/","name":"Wire processor","description":"Maszyny do obr\u00f3bki przewod\u00f3w","publisher":{"@id":"https:\/\/wire-processor.eu\/en\/#organization"},"potentialAction":[{"@type":"SearchAction","target":{"@type":"EntryPoint","urlTemplate":"https:\/\/wire-processor.eu\/en\/?s={search_term_string}"},"query-input":{"@type":"PropertyValueSpecification","valueRequired":true,"valueName":"search_term_string"}}],"inLanguage":"nl-NL"},{"@type":"Organization","@id":"https:\/\/wire-processor.eu\/en\/#organization","name":"Wire processor - maszyny do przewod\u00f3w","url":"https:\/\/wire-processor.eu\/en\/","logo":{"@type":"ImageObject","inLanguage":"nl-NL","@id":"https:\/\/wire-processor.eu\/en\/#\/schema\/logo\/image\/","url":"https:\/\/wire-processor.eu\/wp-content\/uploads\/2018\/04\/Bozwang-_logo_producent1.png","contentUrl":"https:\/\/wire-processor.eu\/wp-content\/uploads\/2018\/04\/Bozwang-_logo_producent1.png","width":250,"height":33,"caption":"Wire processor - maszyny do przewod\u00f3w"},"image":{"@id":"https:\/\/wire-processor.eu\/en\/#\/schema\/logo\/image\/"}}]}},"_links":{"self":[{"href":"https:\/\/wire-processor.eu\/nl\/wp-json\/wp\/v2\/product\/15475","targetHints":{"allow":["GET"]}}],"collection":[{"href":"https:\/\/wire-processor.eu\/nl\/wp-json\/wp\/v2\/product"}],"about":[{"href":"https:\/\/wire-processor.eu\/nl\/wp-json\/wp\/v2\/types\/product"}],"wp:featuredmedia":[{"embeddable":true,"href":"https:\/\/wire-processor.eu\/nl\/wp-json\/wp\/v2\/media\/15480"}],"wp:attachment":[{"href":"https:\/\/wire-processor.eu\/nl\/wp-json\/wp\/v2\/media?parent=15475"}],"wp:term":[{"taxonomy":"product_brand","embeddable":true,"href":"https:\/\/wire-processor.eu\/nl\/wp-json\/wp\/v2\/product_brand?post=15475"},{"taxonomy":"product_cat","embeddable":true,"href":"https:\/\/wire-processor.eu\/nl\/wp-json\/wp\/v2\/product_cat?post=15475"},{"taxonomy":"product_tag","embeddable":true,"href":"https:\/\/wire-processor.eu\/nl\/wp-json\/wp\/v2\/product_tag?post=15475"}],"curies":[{"name":"wp","href":"https:\/\/api.w.org\/{rel}","templated":true}]}}