{"id":16839,"date":"2024-02-21T14:06:30","date_gmt":"2024-02-26T11:22:54","guid":{"rendered":"https:\/\/wire-processor.eu\/oferta\/bzw-f4g-is-een-semi-automatische-machine-voor-het-krimpen-van-harting-kabeluiteinden\/"},"modified":"2024-02-26T12:22:54","modified_gmt":"2024-02-26T11:22:54","slug":"bzw-f4g-is-een-semi-automatische-machine-voor-het-krimpen-van-harting-kabeluiteinden","status":"publish","type":"product","link":"https:\/\/wire-processor.eu\/nl\/Aanbod1\/bzw-f4g-is-een-semi-automatische-machine-voor-het-krimpen-van-harting-kabeluiteinden\/","title":{"rendered":"BZW-F4+G is een semi-automatische machine voor het krimpen van Harting kabeluiteinden."},"content":{"rendered":"<p><strong>BZW-F4+G<\/strong> is een geavanceerde machine voor het krimpen van Harting-terminals, uitgerust met een industri\u00eble besturingseenheid voor stabiele werking. Dankzij zijn compacte ontwerp, eenvoudige bediening en eenvoudig onderhoudssysteem is deze machine ideaal voor fabrikanten met hoge productiviteit en minimale onderhoudsbehoeften, waardoor kosten voor machinestilstand worden bespaard.<\/p>\n<p>Belangrijkste kenmerken van het product:<\/p>\n<ul>\n<li>De functie voor het twisten van draden voorkomt draadomkering en verhoogt de productie-effici\u00ebntie.<\/li>\n<li>Geen noodzaak om het trilplaatje te vervangen, wat de werkzaamheid verhoogt.<\/li>\n<li>De mogelijkheid om het werkproces te visualiseren, waardoor het mogelijk is om de operaties in realtime te monitoren.<\/li>\n<li>Bediening via een aanraakscherm, waarmee het eenvoudig is om parameters zoals krimpkacht en isolatieverwijderingsdiepte in te stellen.<\/li>\n<li>De mogelijkheid om isolatie te verwijderen, te twisten, in te rijgen en te krimpen tegelijk, wat de productie-effici\u00ebntie aanzienlijk verhoogt.<\/li>\n<\/ul>\n<p><iframe title=\"YouTube video player\" src=\"https:\/\/www.youtube-nocookie.com\/embed\/E3EYhfqEslM?si=yYzVMpcmPdhUJIP1\" width=\"560\" height=\"315\" frameborder=\"0\" allowfullscreen=\"allowfullscreen\"><\/iframe><\/p>\n","protected":false},"excerpt":{"rendered":"<p>BZW-F4+G is een moderne machine voor het krimpen van Harting-terminals, die stabiele werking en eenvoudige bediening biedt. Dankzij zijn compacte ontwerp en geavanceerde functies is het een ideale oplossing voor producenten die op zoek zijn naar een effici\u00ebnt gereedschap voor het krimpen van Harting-terminals. BZW-F4+G heeft functies voor het verwijderen van isolatie, twisten, inrijgen en krimpen, wat de productie-effici\u00ebntie aanzienlijk verhoogt.<\/p>\n","protected":false},"featured_media":16830,"template":"","meta":[],"product_brand":[],"product_cat":[890],"product_tag":[],"class_list":{"0":"post-16839","1":"product","2":"type-product","3":"status-publish","4":"has-post-thumbnail","6":"product_cat-semi-automatische-terminal-krimpapparatuur","8":"first","9":"instock","10":"shipping-taxable","11":"product-type-simple"},"yoast_head":"<!-- This site is optimized with the Yoast SEO plugin v26.3 - https:\/\/yoast.com\/wordpress\/plugins\/seo\/ -->\n<title>BZW-F4+G is een semi-automatische machine voor het krimpen van Harting kabeluiteinden. - Wire processor<\/title>\n<meta name=\"description\" content=\"BZW-F4+G is een moderne machine voor het krimpen van Harting-terminals, die stabiele werking en eenvoudige bediening biedt. BZW-F4+G heeft functies voor het verwijderen van isolatie, draaien, inrijgen en krimpen, wat de productie-effici\u00ebntie aanzienlijk verhoogt.\" \/>\n<meta name=\"robots\" content=\"index, follow, max-snippet:-1, max-image-preview:large, max-video-preview:-1\" \/>\n<link rel=\"canonical\" href=\"https:\/\/wire-processor.eu\/nl\/Aanbod1\/bzw-f4g-is-een-semi-automatische-machine-voor-het-krimpen-van-harting-kabeluiteinden\/\" \/>\n<meta property=\"og:locale\" content=\"nl_NL\" \/>\n<meta property=\"og:type\" content=\"article\" \/>\n<meta property=\"og:title\" content=\"BZW-F4+G is een semi-automatische machine voor het krimpen van Harting kabeluiteinden. - Wire processor\" \/>\n<meta property=\"og:description\" content=\"BZW-F4+G is een moderne machine voor het krimpen van Harting-terminals, die stabiele werking en eenvoudige bediening biedt. BZW-F4+G heeft functies voor het verwijderen van isolatie, draaien, inrijgen en krimpen, wat de productie-effici\u00ebntie aanzienlijk verhoogt.\" \/>\n<meta property=\"og:url\" content=\"https:\/\/wire-processor.eu\/nl\/Aanbod1\/bzw-f4g-is-een-semi-automatische-machine-voor-het-krimpen-van-harting-kabeluiteinden\/\" \/>\n<meta property=\"og:site_name\" content=\"Wire processor\" \/>\n<meta property=\"og:image\" content=\"https:\/\/wire-processor.eu\/wp-content\/uploads\/2024\/02\/BZW-F4G.jpg\" \/>\n\t<meta property=\"og:image:width\" content=\"800\" \/>\n\t<meta property=\"og:image:height\" content=\"800\" \/>\n\t<meta property=\"og:image:type\" content=\"image\/jpeg\" \/>\n<meta name=\"twitter:card\" content=\"summary_large_image\" \/>\n<meta name=\"twitter:label1\" content=\"Geschatte leestijd\" \/>\n\t<meta name=\"twitter:data1\" content=\"1 minuut\" \/>\n<script type=\"application\/ld+json\" class=\"yoast-schema-graph\">{\"@context\":\"https:\/\/schema.org\",\"@graph\":[{\"@type\":\"WebPage\",\"@id\":\"https:\/\/wire-processor.eu\/nl\/Aanbod1\/bzw-f4g-is-een-semi-automatische-machine-voor-het-krimpen-van-harting-kabeluiteinden\/\",\"url\":\"https:\/\/wire-processor.eu\/nl\/Aanbod1\/bzw-f4g-is-een-semi-automatische-machine-voor-het-krimpen-van-harting-kabeluiteinden\/\",\"name\":\"BZW-F4+G is een semi-automatische machine voor het krimpen van Harting kabeluiteinden. - Wire processor\",\"isPartOf\":{\"@id\":\"https:\/\/wire-processor.eu\/en\/#website\"},\"primaryImageOfPage\":{\"@id\":\"https:\/\/wire-processor.eu\/nl\/Aanbod1\/bzw-f4g-is-een-semi-automatische-machine-voor-het-krimpen-van-harting-kabeluiteinden\/#primaryimage\"},\"image\":{\"@id\":\"https:\/\/wire-processor.eu\/nl\/Aanbod1\/bzw-f4g-is-een-semi-automatische-machine-voor-het-krimpen-van-harting-kabeluiteinden\/#primaryimage\"},\"thumbnailUrl\":\"https:\/\/wire-processor.eu\/wp-content\/uploads\/2024\/02\/BZW-F4G.jpg\",\"datePublished\":\"2024-02-26T11:22:54+00:00\",\"description\":\"BZW-F4+G is een moderne machine voor het krimpen van Harting-terminals, die stabiele werking en eenvoudige bediening biedt. BZW-F4+G heeft functies voor het verwijderen van isolatie, draaien, inrijgen en krimpen, wat de productie-effici\u00ebntie aanzienlijk verhoogt.\",\"breadcrumb\":{\"@id\":\"https:\/\/wire-processor.eu\/nl\/Aanbod1\/bzw-f4g-is-een-semi-automatische-machine-voor-het-krimpen-van-harting-kabeluiteinden\/#breadcrumb\"},\"inLanguage\":\"nl-NL\",\"potentialAction\":[{\"@type\":\"ReadAction\",\"target\":[\"https:\/\/wire-processor.eu\/nl\/Aanbod1\/bzw-f4g-is-een-semi-automatische-machine-voor-het-krimpen-van-harting-kabeluiteinden\/\"]}]},{\"@type\":\"ImageObject\",\"inLanguage\":\"nl-NL\",\"@id\":\"https:\/\/wire-processor.eu\/nl\/Aanbod1\/bzw-f4g-is-een-semi-automatische-machine-voor-het-krimpen-van-harting-kabeluiteinden\/#primaryimage\",\"url\":\"https:\/\/wire-processor.eu\/wp-content\/uploads\/2024\/02\/BZW-F4G.jpg\",\"contentUrl\":\"https:\/\/wire-processor.eu\/wp-content\/uploads\/2024\/02\/BZW-F4G.jpg\",\"width\":800,\"height\":800,\"caption\":\"BZW-F4+G to p\u00f3\u0142automatyczna maszyna do zaciskania ko\u0144c\u00f3wek kablowych Harting\"},{\"@type\":\"BreadcrumbList\",\"@id\":\"https:\/\/wire-processor.eu\/nl\/Aanbod1\/bzw-f4g-is-een-semi-automatische-machine-voor-het-krimpen-van-harting-kabeluiteinden\/#breadcrumb\",\"itemListElement\":[{\"@type\":\"ListItem\",\"position\":1,\"name\":\"Strona g\u0142\u00f3wna\",\"item\":\"https:\/\/wire-processor.eu\/nl\/\"},{\"@type\":\"ListItem\",\"position\":2,\"name\":\"Aanbod\",\"item\":\"https:\/\/wire-processor.eu\/nl\/aanbod\/\"},{\"@type\":\"ListItem\",\"position\":3,\"name\":\"BZW-F4+G is een semi-automatische machine voor het krimpen van Harting kabeluiteinden.\"}]},{\"@type\":\"WebSite\",\"@id\":\"https:\/\/wire-processor.eu\/en\/#website\",\"url\":\"https:\/\/wire-processor.eu\/en\/\",\"name\":\"Wire processor\",\"description\":\"Maszyny do obr\u00f3bki przewod\u00f3w\",\"publisher\":{\"@id\":\"https:\/\/wire-processor.eu\/en\/#organization\"},\"potentialAction\":[{\"@type\":\"SearchAction\",\"target\":{\"@type\":\"EntryPoint\",\"urlTemplate\":\"https:\/\/wire-processor.eu\/en\/?s={search_term_string}\"},\"query-input\":{\"@type\":\"PropertyValueSpecification\",\"valueRequired\":true,\"valueName\":\"search_term_string\"}}],\"inLanguage\":\"nl-NL\"},{\"@type\":\"Organization\",\"@id\":\"https:\/\/wire-processor.eu\/en\/#organization\",\"name\":\"Wire processor - maszyny do przewod\u00f3w\",\"url\":\"https:\/\/wire-processor.eu\/en\/\",\"logo\":{\"@type\":\"ImageObject\",\"inLanguage\":\"nl-NL\",\"@id\":\"https:\/\/wire-processor.eu\/en\/#\/schema\/logo\/image\/\",\"url\":\"https:\/\/wire-processor.eu\/wp-content\/uploads\/2018\/04\/Bozwang-_logo_producent1.png\",\"contentUrl\":\"https:\/\/wire-processor.eu\/wp-content\/uploads\/2018\/04\/Bozwang-_logo_producent1.png\",\"width\":250,\"height\":33,\"caption\":\"Wire processor - maszyny do przewod\u00f3w\"},\"image\":{\"@id\":\"https:\/\/wire-processor.eu\/en\/#\/schema\/logo\/image\/\"}}]}<\/script>\n<!-- \/ Yoast SEO plugin. -->","yoast_head_json":{"title":"BZW-F4+G is een semi-automatische machine voor het krimpen van Harting kabeluiteinden. - Wire processor","description":"BZW-F4+G is een moderne machine voor het krimpen van Harting-terminals, die stabiele werking en eenvoudige bediening biedt. BZW-F4+G heeft functies voor het verwijderen van isolatie, draaien, inrijgen en krimpen, wat de productie-effici\u00ebntie aanzienlijk verhoogt.","robots":{"index":"index","follow":"follow","max-snippet":"max-snippet:-1","max-image-preview":"max-image-preview:large","max-video-preview":"max-video-preview:-1"},"canonical":"https:\/\/wire-processor.eu\/nl\/Aanbod1\/bzw-f4g-is-een-semi-automatische-machine-voor-het-krimpen-van-harting-kabeluiteinden\/","og_locale":"nl_NL","og_type":"article","og_title":"BZW-F4+G is een semi-automatische machine voor het krimpen van Harting kabeluiteinden. - Wire processor","og_description":"BZW-F4+G is een moderne machine voor het krimpen van Harting-terminals, die stabiele werking en eenvoudige bediening biedt. BZW-F4+G heeft functies voor het verwijderen van isolatie, draaien, inrijgen en krimpen, wat de productie-effici\u00ebntie aanzienlijk verhoogt.","og_url":"https:\/\/wire-processor.eu\/nl\/Aanbod1\/bzw-f4g-is-een-semi-automatische-machine-voor-het-krimpen-van-harting-kabeluiteinden\/","og_site_name":"Wire processor","og_image":[{"width":800,"height":800,"url":"https:\/\/wire-processor.eu\/wp-content\/uploads\/2024\/02\/BZW-F4G.jpg","type":"image\/jpeg"}],"twitter_card":"summary_large_image","twitter_misc":{"Geschatte leestijd":"1 minuut"},"schema":{"@context":"https:\/\/schema.org","@graph":[{"@type":"WebPage","@id":"https:\/\/wire-processor.eu\/nl\/Aanbod1\/bzw-f4g-is-een-semi-automatische-machine-voor-het-krimpen-van-harting-kabeluiteinden\/","url":"https:\/\/wire-processor.eu\/nl\/Aanbod1\/bzw-f4g-is-een-semi-automatische-machine-voor-het-krimpen-van-harting-kabeluiteinden\/","name":"BZW-F4+G is een semi-automatische machine voor het krimpen van Harting kabeluiteinden. - Wire processor","isPartOf":{"@id":"https:\/\/wire-processor.eu\/en\/#website"},"primaryImageOfPage":{"@id":"https:\/\/wire-processor.eu\/nl\/Aanbod1\/bzw-f4g-is-een-semi-automatische-machine-voor-het-krimpen-van-harting-kabeluiteinden\/#primaryimage"},"image":{"@id":"https:\/\/wire-processor.eu\/nl\/Aanbod1\/bzw-f4g-is-een-semi-automatische-machine-voor-het-krimpen-van-harting-kabeluiteinden\/#primaryimage"},"thumbnailUrl":"https:\/\/wire-processor.eu\/wp-content\/uploads\/2024\/02\/BZW-F4G.jpg","datePublished":"2024-02-26T11:22:54+00:00","description":"BZW-F4+G is een moderne machine voor het krimpen van Harting-terminals, die stabiele werking en eenvoudige bediening biedt. BZW-F4+G heeft functies voor het verwijderen van isolatie, draaien, inrijgen en krimpen, wat de productie-effici\u00ebntie aanzienlijk verhoogt.","breadcrumb":{"@id":"https:\/\/wire-processor.eu\/nl\/Aanbod1\/bzw-f4g-is-een-semi-automatische-machine-voor-het-krimpen-van-harting-kabeluiteinden\/#breadcrumb"},"inLanguage":"nl-NL","potentialAction":[{"@type":"ReadAction","target":["https:\/\/wire-processor.eu\/nl\/Aanbod1\/bzw-f4g-is-een-semi-automatische-machine-voor-het-krimpen-van-harting-kabeluiteinden\/"]}]},{"@type":"ImageObject","inLanguage":"nl-NL","@id":"https:\/\/wire-processor.eu\/nl\/Aanbod1\/bzw-f4g-is-een-semi-automatische-machine-voor-het-krimpen-van-harting-kabeluiteinden\/#primaryimage","url":"https:\/\/wire-processor.eu\/wp-content\/uploads\/2024\/02\/BZW-F4G.jpg","contentUrl":"https:\/\/wire-processor.eu\/wp-content\/uploads\/2024\/02\/BZW-F4G.jpg","width":800,"height":800,"caption":"BZW-F4+G to p\u00f3\u0142automatyczna maszyna do zaciskania ko\u0144c\u00f3wek kablowych Harting"},{"@type":"BreadcrumbList","@id":"https:\/\/wire-processor.eu\/nl\/Aanbod1\/bzw-f4g-is-een-semi-automatische-machine-voor-het-krimpen-van-harting-kabeluiteinden\/#breadcrumb","itemListElement":[{"@type":"ListItem","position":1,"name":"Strona g\u0142\u00f3wna","item":"https:\/\/wire-processor.eu\/nl\/"},{"@type":"ListItem","position":2,"name":"Aanbod","item":"https:\/\/wire-processor.eu\/nl\/aanbod\/"},{"@type":"ListItem","position":3,"name":"BZW-F4+G is een semi-automatische machine voor het krimpen van Harting kabeluiteinden."}]},{"@type":"WebSite","@id":"https:\/\/wire-processor.eu\/en\/#website","url":"https:\/\/wire-processor.eu\/en\/","name":"Wire processor","description":"Maszyny do obr\u00f3bki przewod\u00f3w","publisher":{"@id":"https:\/\/wire-processor.eu\/en\/#organization"},"potentialAction":[{"@type":"SearchAction","target":{"@type":"EntryPoint","urlTemplate":"https:\/\/wire-processor.eu\/en\/?s={search_term_string}"},"query-input":{"@type":"PropertyValueSpecification","valueRequired":true,"valueName":"search_term_string"}}],"inLanguage":"nl-NL"},{"@type":"Organization","@id":"https:\/\/wire-processor.eu\/en\/#organization","name":"Wire processor - maszyny do przewod\u00f3w","url":"https:\/\/wire-processor.eu\/en\/","logo":{"@type":"ImageObject","inLanguage":"nl-NL","@id":"https:\/\/wire-processor.eu\/en\/#\/schema\/logo\/image\/","url":"https:\/\/wire-processor.eu\/wp-content\/uploads\/2018\/04\/Bozwang-_logo_producent1.png","contentUrl":"https:\/\/wire-processor.eu\/wp-content\/uploads\/2018\/04\/Bozwang-_logo_producent1.png","width":250,"height":33,"caption":"Wire processor - maszyny do przewod\u00f3w"},"image":{"@id":"https:\/\/wire-processor.eu\/en\/#\/schema\/logo\/image\/"}}]}},"_links":{"self":[{"href":"https:\/\/wire-processor.eu\/nl\/wp-json\/wp\/v2\/product\/16839","targetHints":{"allow":["GET"]}}],"collection":[{"href":"https:\/\/wire-processor.eu\/nl\/wp-json\/wp\/v2\/product"}],"about":[{"href":"https:\/\/wire-processor.eu\/nl\/wp-json\/wp\/v2\/types\/product"}],"wp:featuredmedia":[{"embeddable":true,"href":"https:\/\/wire-processor.eu\/nl\/wp-json\/wp\/v2\/media\/16830"}],"wp:attachment":[{"href":"https:\/\/wire-processor.eu\/nl\/wp-json\/wp\/v2\/media?parent=16839"}],"wp:term":[{"taxonomy":"product_brand","embeddable":true,"href":"https:\/\/wire-processor.eu\/nl\/wp-json\/wp\/v2\/product_brand?post=16839"},{"taxonomy":"product_cat","embeddable":true,"href":"https:\/\/wire-processor.eu\/nl\/wp-json\/wp\/v2\/product_cat?post=16839"},{"taxonomy":"product_tag","embeddable":true,"href":"https:\/\/wire-processor.eu\/nl\/wp-json\/wp\/v2\/product_tag?post=16839"}],"curies":[{"name":"wp","href":"https:\/\/api.w.org\/{rel}","templated":true}]}}