{"id":17379,"date":"2025-08-24T21:05:06","date_gmt":"2025-08-24T19:05:06","guid":{"rendered":"https:\/\/wire-processor.eu\/?post_type=product&#038;p=17379"},"modified":"2025-08-24T21:25:42","modified_gmt":"2025-08-24T19:25:42","slug":"bzw-f4z-semi-automatische-strip-en-krimpmachine-voor-buisvormige-adereindhulzen","status":"publish","type":"product","link":"https:\/\/wire-processor.eu\/nl\/Aanbod1\/bzw-f4z-semi-automatische-strip-en-krimpmachine-voor-buisvormige-adereindhulzen\/","title":{"rendered":"BZW-F4Z Semi-automatische strip- en krimpmachine voor buisvormige adereindhulzen"},"content":{"rendered":"<p>De <strong>BZW-F4+Z<\/strong> machine is een modern halfautomatisch apparaat dat is ontworpen voor snelle en nauwkeurige draadverwerking. In \u00e9\u00e9n cyclus kan het apparaat de isolatie verwijderen, de draden twisten, een adereindhuls plaatsen en krimpen, wat de productiviteit aanzienlijk verhoogt en het risico op montagefouten vermindert.<\/p>\n<p>Dankzij het touchscreen bedieningspaneel kan de operator eenvoudig de werkparameters instellen, zoals de lengte en diepte van het strippen. De machine maakt gebruik van hoogwaardige ge\u00efmporteerde pneumatische componenten, wat een stabiele werking en een lange levensduur garandeert.<\/p>\n<p>Belangrijkste kenmerken:<\/p>\n<ul>\n<li>Draad-twistfunctie \u2013 voorkomt omgekeerde ligging van aders en verbetert de kwaliteit van de verbindingen.<\/li>\n<li>Geen vervanging van de trilplaat nodig \u2013 hogere werk\u00adeffici\u00ebntie.<\/li>\n<li>Eenvoudige vervanging van het invoergereedschap voor draden.<\/li>\n<li>Touchscreen met instelbare parameters (lengte en diepte van het strippen).<\/li>\n<li>Hoogwaardige pneumatische componenten die stabiele werking waarborgen.<\/li>\n<li>Multifunctionele bewerking in \u00e9\u00e9n cyclus: strippen, twisten, huls invoegen en krimpen \u2013 maximale tijdsbesparing.<\/li>\n<\/ul>\n","protected":false},"excerpt":{"rendered":"<p>De <strong>BZW-F4+Z<\/strong> machine is een modern halfautomatisch apparaat dat is ontworpen voor snelle en nauwkeurige draadverwerking. In \u00e9\u00e9n cyclus kan het apparaat de isolatie verwijderen, de draden twisten, een adereindhuls plaatsen en krimpen, wat de productiviteit aanzienlijk verhoogt en het risico op montagefouten vermindert.<\/p>\n<p><img decoding=\"async\" class=\"alignnone size-full wp-image-17386\" src=\"https:\/\/wire-processor.eu\/wp-content\/uploads\/2025\/08\/Zrzut-ekranu-2025-08-24-o-21.12.04.png\" alt=\"\" width=\"931\" height=\"236\" srcset=\"https:\/\/wire-processor.eu\/wp-content\/uploads\/2025\/08\/Zrzut-ekranu-2025-08-24-o-21.12.04-200x51.png 200w, https:\/\/wire-processor.eu\/wp-content\/uploads\/2025\/08\/Zrzut-ekranu-2025-08-24-o-21.12.04-300x76.png 300w, https:\/\/wire-processor.eu\/wp-content\/uploads\/2025\/08\/Zrzut-ekranu-2025-08-24-o-21.12.04-400x101.png 400w, https:\/\/wire-processor.eu\/wp-content\/uploads\/2025\/08\/Zrzut-ekranu-2025-08-24-o-21.12.04-600x152.png 600w, https:\/\/wire-processor.eu\/wp-content\/uploads\/2025\/08\/Zrzut-ekranu-2025-08-24-o-21.12.04-768x195.png 768w, https:\/\/wire-processor.eu\/wp-content\/uploads\/2025\/08\/Zrzut-ekranu-2025-08-24-o-21.12.04-800x203.png 800w, https:\/\/wire-processor.eu\/wp-content\/uploads\/2025\/08\/Zrzut-ekranu-2025-08-24-o-21.12.04.png 931w\" sizes=\"(max-width: 931px) 100vw, 931px\" \/><\/p>\n","protected":false},"featured_media":16830,"template":"","meta":[],"product_brand":[],"product_cat":[890],"product_tag":[],"class_list":{"0":"post-17379","1":"product","2":"type-product","3":"status-publish","4":"has-post-thumbnail","6":"product_cat-semi-automatische-terminal-krimpapparatuur","8":"first","9":"instock","10":"shipping-taxable","11":"product-type-simple"},"yoast_head":"<!-- This site is optimized with the Yoast SEO plugin v26.3 - https:\/\/yoast.com\/wordpress\/plugins\/seo\/ -->\n<title>BZW-F4Z Semi-automatische strip- en krimpmachine voor buisvormige adereindhulzen - Wire processor<\/title>\n<meta name=\"description\" content=\"BZW-F4+Z Semi-automatische strip- en krimpmachine voor buisvormige adereindhulzen\" \/>\n<meta name=\"robots\" content=\"index, follow, max-snippet:-1, max-image-preview:large, max-video-preview:-1\" \/>\n<link rel=\"canonical\" href=\"https:\/\/wire-processor.eu\/nl\/Aanbod1\/bzw-f4z-semi-automatische-strip-en-krimpmachine-voor-buisvormige-adereindhulzen\/\" \/>\n<meta property=\"og:locale\" content=\"nl_NL\" \/>\n<meta property=\"og:type\" content=\"article\" \/>\n<meta property=\"og:title\" content=\"BZW-F4Z Semi-automatische strip- en krimpmachine voor buisvormige adereindhulzen - Wire processor\" \/>\n<meta property=\"og:description\" content=\"BZW-F4+Z Semi-automatische strip- en krimpmachine voor buisvormige adereindhulzen\" \/>\n<meta property=\"og:url\" content=\"https:\/\/wire-processor.eu\/nl\/Aanbod1\/bzw-f4z-semi-automatische-strip-en-krimpmachine-voor-buisvormige-adereindhulzen\/\" \/>\n<meta property=\"og:site_name\" content=\"Wire processor\" \/>\n<meta property=\"article:modified_time\" content=\"2025-08-24T19:25:42+00:00\" \/>\n<meta property=\"og:image\" content=\"https:\/\/wire-processor.eu\/wp-content\/uploads\/2024\/02\/BZW-F4G.jpg\" \/>\n\t<meta property=\"og:image:width\" content=\"800\" \/>\n\t<meta property=\"og:image:height\" content=\"800\" \/>\n\t<meta property=\"og:image:type\" content=\"image\/jpeg\" \/>\n<meta name=\"twitter:card\" content=\"summary_large_image\" \/>\n<meta name=\"twitter:label1\" content=\"Geschatte leestijd\" \/>\n\t<meta name=\"twitter:data1\" content=\"1 minuut\" \/>\n<script type=\"application\/ld+json\" class=\"yoast-schema-graph\">{\"@context\":\"https:\/\/schema.org\",\"@graph\":[{\"@type\":\"WebPage\",\"@id\":\"https:\/\/wire-processor.eu\/nl\/Aanbod1\/bzw-f4z-semi-automatische-strip-en-krimpmachine-voor-buisvormige-adereindhulzen\/\",\"url\":\"https:\/\/wire-processor.eu\/nl\/Aanbod1\/bzw-f4z-semi-automatische-strip-en-krimpmachine-voor-buisvormige-adereindhulzen\/\",\"name\":\"BZW-F4Z Semi-automatische strip- en krimpmachine voor buisvormige adereindhulzen - Wire processor\",\"isPartOf\":{\"@id\":\"https:\/\/wire-processor.eu\/en\/#website\"},\"primaryImageOfPage\":{\"@id\":\"https:\/\/wire-processor.eu\/nl\/Aanbod1\/bzw-f4z-semi-automatische-strip-en-krimpmachine-voor-buisvormige-adereindhulzen\/#primaryimage\"},\"image\":{\"@id\":\"https:\/\/wire-processor.eu\/nl\/Aanbod1\/bzw-f4z-semi-automatische-strip-en-krimpmachine-voor-buisvormige-adereindhulzen\/#primaryimage\"},\"thumbnailUrl\":\"https:\/\/wire-processor.eu\/wp-content\/uploads\/2024\/02\/BZW-F4G.jpg\",\"datePublished\":\"2025-08-24T19:05:06+00:00\",\"dateModified\":\"2025-08-24T19:25:42+00:00\",\"description\":\"BZW-F4+Z Semi-automatische strip- en krimpmachine voor buisvormige adereindhulzen\",\"breadcrumb\":{\"@id\":\"https:\/\/wire-processor.eu\/nl\/Aanbod1\/bzw-f4z-semi-automatische-strip-en-krimpmachine-voor-buisvormige-adereindhulzen\/#breadcrumb\"},\"inLanguage\":\"nl-NL\",\"potentialAction\":[{\"@type\":\"ReadAction\",\"target\":[\"https:\/\/wire-processor.eu\/nl\/Aanbod1\/bzw-f4z-semi-automatische-strip-en-krimpmachine-voor-buisvormige-adereindhulzen\/\"]}]},{\"@type\":\"ImageObject\",\"inLanguage\":\"nl-NL\",\"@id\":\"https:\/\/wire-processor.eu\/nl\/Aanbod1\/bzw-f4z-semi-automatische-strip-en-krimpmachine-voor-buisvormige-adereindhulzen\/#primaryimage\",\"url\":\"https:\/\/wire-processor.eu\/wp-content\/uploads\/2024\/02\/BZW-F4G.jpg\",\"contentUrl\":\"https:\/\/wire-processor.eu\/wp-content\/uploads\/2024\/02\/BZW-F4G.jpg\",\"width\":800,\"height\":800,\"caption\":\"BZW-F4+G to p\u00f3\u0142automatyczna maszyna do zaciskania ko\u0144c\u00f3wek kablowych Harting\"},{\"@type\":\"BreadcrumbList\",\"@id\":\"https:\/\/wire-processor.eu\/nl\/Aanbod1\/bzw-f4z-semi-automatische-strip-en-krimpmachine-voor-buisvormige-adereindhulzen\/#breadcrumb\",\"itemListElement\":[{\"@type\":\"ListItem\",\"position\":1,\"name\":\"Strona g\u0142\u00f3wna\",\"item\":\"https:\/\/wire-processor.eu\/nl\/\"},{\"@type\":\"ListItem\",\"position\":2,\"name\":\"Aanbod\",\"item\":\"https:\/\/wire-processor.eu\/nl\/aanbod\/\"},{\"@type\":\"ListItem\",\"position\":3,\"name\":\"BZW-F4Z Semi-automatische strip- en krimpmachine voor buisvormige adereindhulzen\"}]},{\"@type\":\"WebSite\",\"@id\":\"https:\/\/wire-processor.eu\/en\/#website\",\"url\":\"https:\/\/wire-processor.eu\/en\/\",\"name\":\"Wire processor\",\"description\":\"Maszyny do obr\u00f3bki przewod\u00f3w\",\"publisher\":{\"@id\":\"https:\/\/wire-processor.eu\/en\/#organization\"},\"potentialAction\":[{\"@type\":\"SearchAction\",\"target\":{\"@type\":\"EntryPoint\",\"urlTemplate\":\"https:\/\/wire-processor.eu\/en\/?s={search_term_string}\"},\"query-input\":{\"@type\":\"PropertyValueSpecification\",\"valueRequired\":true,\"valueName\":\"search_term_string\"}}],\"inLanguage\":\"nl-NL\"},{\"@type\":\"Organization\",\"@id\":\"https:\/\/wire-processor.eu\/en\/#organization\",\"name\":\"Wire processor - maszyny do przewod\u00f3w\",\"url\":\"https:\/\/wire-processor.eu\/en\/\",\"logo\":{\"@type\":\"ImageObject\",\"inLanguage\":\"nl-NL\",\"@id\":\"https:\/\/wire-processor.eu\/en\/#\/schema\/logo\/image\/\",\"url\":\"https:\/\/wire-processor.eu\/wp-content\/uploads\/2018\/04\/Bozwang-_logo_producent1.png\",\"contentUrl\":\"https:\/\/wire-processor.eu\/wp-content\/uploads\/2018\/04\/Bozwang-_logo_producent1.png\",\"width\":250,\"height\":33,\"caption\":\"Wire processor - maszyny do przewod\u00f3w\"},\"image\":{\"@id\":\"https:\/\/wire-processor.eu\/en\/#\/schema\/logo\/image\/\"}}]}<\/script>\n<!-- \/ Yoast SEO plugin. -->","yoast_head_json":{"title":"BZW-F4Z Semi-automatische strip- en krimpmachine voor buisvormige adereindhulzen - Wire processor","description":"BZW-F4+Z Semi-automatische strip- en krimpmachine voor buisvormige adereindhulzen","robots":{"index":"index","follow":"follow","max-snippet":"max-snippet:-1","max-image-preview":"max-image-preview:large","max-video-preview":"max-video-preview:-1"},"canonical":"https:\/\/wire-processor.eu\/nl\/Aanbod1\/bzw-f4z-semi-automatische-strip-en-krimpmachine-voor-buisvormige-adereindhulzen\/","og_locale":"nl_NL","og_type":"article","og_title":"BZW-F4Z Semi-automatische strip- en krimpmachine voor buisvormige adereindhulzen - Wire processor","og_description":"BZW-F4+Z Semi-automatische strip- en krimpmachine voor buisvormige adereindhulzen","og_url":"https:\/\/wire-processor.eu\/nl\/Aanbod1\/bzw-f4z-semi-automatische-strip-en-krimpmachine-voor-buisvormige-adereindhulzen\/","og_site_name":"Wire processor","article_modified_time":"2025-08-24T19:25:42+00:00","og_image":[{"width":800,"height":800,"url":"https:\/\/wire-processor.eu\/wp-content\/uploads\/2024\/02\/BZW-F4G.jpg","type":"image\/jpeg"}],"twitter_card":"summary_large_image","twitter_misc":{"Geschatte leestijd":"1 minuut"},"schema":{"@context":"https:\/\/schema.org","@graph":[{"@type":"WebPage","@id":"https:\/\/wire-processor.eu\/nl\/Aanbod1\/bzw-f4z-semi-automatische-strip-en-krimpmachine-voor-buisvormige-adereindhulzen\/","url":"https:\/\/wire-processor.eu\/nl\/Aanbod1\/bzw-f4z-semi-automatische-strip-en-krimpmachine-voor-buisvormige-adereindhulzen\/","name":"BZW-F4Z Semi-automatische strip- en krimpmachine voor buisvormige adereindhulzen - Wire processor","isPartOf":{"@id":"https:\/\/wire-processor.eu\/en\/#website"},"primaryImageOfPage":{"@id":"https:\/\/wire-processor.eu\/nl\/Aanbod1\/bzw-f4z-semi-automatische-strip-en-krimpmachine-voor-buisvormige-adereindhulzen\/#primaryimage"},"image":{"@id":"https:\/\/wire-processor.eu\/nl\/Aanbod1\/bzw-f4z-semi-automatische-strip-en-krimpmachine-voor-buisvormige-adereindhulzen\/#primaryimage"},"thumbnailUrl":"https:\/\/wire-processor.eu\/wp-content\/uploads\/2024\/02\/BZW-F4G.jpg","datePublished":"2025-08-24T19:05:06+00:00","dateModified":"2025-08-24T19:25:42+00:00","description":"BZW-F4+Z Semi-automatische strip- en krimpmachine voor buisvormige adereindhulzen","breadcrumb":{"@id":"https:\/\/wire-processor.eu\/nl\/Aanbod1\/bzw-f4z-semi-automatische-strip-en-krimpmachine-voor-buisvormige-adereindhulzen\/#breadcrumb"},"inLanguage":"nl-NL","potentialAction":[{"@type":"ReadAction","target":["https:\/\/wire-processor.eu\/nl\/Aanbod1\/bzw-f4z-semi-automatische-strip-en-krimpmachine-voor-buisvormige-adereindhulzen\/"]}]},{"@type":"ImageObject","inLanguage":"nl-NL","@id":"https:\/\/wire-processor.eu\/nl\/Aanbod1\/bzw-f4z-semi-automatische-strip-en-krimpmachine-voor-buisvormige-adereindhulzen\/#primaryimage","url":"https:\/\/wire-processor.eu\/wp-content\/uploads\/2024\/02\/BZW-F4G.jpg","contentUrl":"https:\/\/wire-processor.eu\/wp-content\/uploads\/2024\/02\/BZW-F4G.jpg","width":800,"height":800,"caption":"BZW-F4+G to p\u00f3\u0142automatyczna maszyna do zaciskania ko\u0144c\u00f3wek kablowych Harting"},{"@type":"BreadcrumbList","@id":"https:\/\/wire-processor.eu\/nl\/Aanbod1\/bzw-f4z-semi-automatische-strip-en-krimpmachine-voor-buisvormige-adereindhulzen\/#breadcrumb","itemListElement":[{"@type":"ListItem","position":1,"name":"Strona g\u0142\u00f3wna","item":"https:\/\/wire-processor.eu\/nl\/"},{"@type":"ListItem","position":2,"name":"Aanbod","item":"https:\/\/wire-processor.eu\/nl\/aanbod\/"},{"@type":"ListItem","position":3,"name":"BZW-F4Z Semi-automatische strip- en krimpmachine voor buisvormige adereindhulzen"}]},{"@type":"WebSite","@id":"https:\/\/wire-processor.eu\/en\/#website","url":"https:\/\/wire-processor.eu\/en\/","name":"Wire processor","description":"Maszyny do obr\u00f3bki przewod\u00f3w","publisher":{"@id":"https:\/\/wire-processor.eu\/en\/#organization"},"potentialAction":[{"@type":"SearchAction","target":{"@type":"EntryPoint","urlTemplate":"https:\/\/wire-processor.eu\/en\/?s={search_term_string}"},"query-input":{"@type":"PropertyValueSpecification","valueRequired":true,"valueName":"search_term_string"}}],"inLanguage":"nl-NL"},{"@type":"Organization","@id":"https:\/\/wire-processor.eu\/en\/#organization","name":"Wire processor - maszyny do przewod\u00f3w","url":"https:\/\/wire-processor.eu\/en\/","logo":{"@type":"ImageObject","inLanguage":"nl-NL","@id":"https:\/\/wire-processor.eu\/en\/#\/schema\/logo\/image\/","url":"https:\/\/wire-processor.eu\/wp-content\/uploads\/2018\/04\/Bozwang-_logo_producent1.png","contentUrl":"https:\/\/wire-processor.eu\/wp-content\/uploads\/2018\/04\/Bozwang-_logo_producent1.png","width":250,"height":33,"caption":"Wire processor - maszyny do przewod\u00f3w"},"image":{"@id":"https:\/\/wire-processor.eu\/en\/#\/schema\/logo\/image\/"}}]}},"_links":{"self":[{"href":"https:\/\/wire-processor.eu\/nl\/wp-json\/wp\/v2\/product\/17379","targetHints":{"allow":["GET"]}}],"collection":[{"href":"https:\/\/wire-processor.eu\/nl\/wp-json\/wp\/v2\/product"}],"about":[{"href":"https:\/\/wire-processor.eu\/nl\/wp-json\/wp\/v2\/types\/product"}],"wp:featuredmedia":[{"embeddable":true,"href":"https:\/\/wire-processor.eu\/nl\/wp-json\/wp\/v2\/media\/16830"}],"wp:attachment":[{"href":"https:\/\/wire-processor.eu\/nl\/wp-json\/wp\/v2\/media?parent=17379"}],"wp:term":[{"taxonomy":"product_brand","embeddable":true,"href":"https:\/\/wire-processor.eu\/nl\/wp-json\/wp\/v2\/product_brand?post=17379"},{"taxonomy":"product_cat","embeddable":true,"href":"https:\/\/wire-processor.eu\/nl\/wp-json\/wp\/v2\/product_cat?post=17379"},{"taxonomy":"product_tag","embeddable":true,"href":"https:\/\/wire-processor.eu\/nl\/wp-json\/wp\/v2\/product_tag?post=17379"}],"curies":[{"name":"wp","href":"https:\/\/api.w.org\/{rel}","templated":true}]}}